{"id":756,"date":"2019-01-27T18:03:13","date_gmt":"2019-01-27T17:03:13","guid":{"rendered":"http:\/\/krv-wesermarsch.de\/wordpress\/?page_id=756"},"modified":"2024-08-18T09:27:39","modified_gmt":"2024-08-18T07:27:39","slug":"vereine-neu","status":"publish","type":"page","link":"https:\/\/krv-wesermarsch.de\/wordpress\/vereine-neu\/","title":{"rendered":"Vereine"},"content":{"rendered":"\n<h4 class=\"wp-block-heading\">Stedinger RUFV Sturmvogel Berne<\/h4>\n\n\n\n<p><img loading=\"lazy\" decoding=\"async\" width=\"150\" height=\"121\" class=\"wp-image-171 alignleft\" style=\"width: 150px;\" src=\"http:\/\/krv-wesermarsch.de\/wordpress\/wp-content\/uploads\/2019\/01\/Berne-1.png\" alt=\"\" srcset=\"https:\/\/kpsv-wesermarsch.de\/wordpress\/wp-content\/uploads\/2019\/01\/Berne-1.png 736w, https:\/\/kpsv-wesermarsch.de\/wordpress\/wp-content\/uploads\/2019\/01\/Berne-1-300x242.png 300w\" sizes=\"auto, (max-width: 150px) 100vw, 150px\" \/>Der Stedinger RUFV Sturmvogel Berne ist der am s\u00fcdlichsten gelegene  Verein des Kreisreiterverbandes Wesermarsch. In der gro\u00dfen Halle findet  einmal j\u00e4hrlich im Januar ein Hallengel\u00e4ndetrainingswochenende statt.<br><a href=\"http:\/\/www.sturmvogel-berne.de\/\">Zur Homepage<\/a><\/p>\n\n\n\n<h4 class=\"wp-block-heading\">Reitverein Bettingb\u00fchren<\/h4>\n\n\n\n<p><img loading=\"lazy\" decoding=\"async\" width=\"150\" height=\"146\" class=\"wp-image-2525 alignleft\" style=\"width: 150px;\" src=\"https:\/\/krv-wesermarsch.de\/wordpress\/wp-content\/uploads\/2024\/08\/img-20240604-wa0002624968786691004643.jpg\" alt=\"\" srcset=\"https:\/\/kpsv-wesermarsch.de\/wordpress\/wp-content\/uploads\/2024\/08\/img-20240604-wa0002624968786691004643.jpg 1079w, https:\/\/kpsv-wesermarsch.de\/wordpress\/wp-content\/uploads\/2024\/08\/img-20240604-wa0002624968786691004643-300x291.jpg 300w, https:\/\/kpsv-wesermarsch.de\/wordpress\/wp-content\/uploads\/2024\/08\/img-20240604-wa0002624968786691004643-1024x994.jpg 1024w, https:\/\/kpsv-wesermarsch.de\/wordpress\/wp-content\/uploads\/2024\/08\/img-20240604-wa0002624968786691004643-768x745.jpg 768w\" sizes=\"auto, (max-width: 150px) 100vw, 150px\" \/>Der 1975 gegr\u00fcndete Reitverein Bettingb\u00fchren ist ein kleiner famili\u00e4rer  Verein, der bem\u00fcht ist, seinen Mitgliedern eine Vielzahl von Aktivit\u00e4ten  anzubieten. Das &#8220;WIR&#8221; wird ganz gro\u00df geschrieben. So beheimatet der Reitverein Bettingb\u00fchren eine gro\u00dfe Bandbreite von unterschiedlich motivierten Reitern: Vom Freizeitreiter, der einfach nur Zeit mit seinem Partner Pferd verbringen m\u00f6chte, bis zum Turnierreiter der schweren Klasse.<br><a href=\"http:\/\/www.reitverein-bettingbuehren.de\/\">Zur Homepage<\/a><\/p>\n\n\n\n<h4 class=\"wp-block-heading\">Jader Reitclub<\/h4>\n\n\n\n<p><img loading=\"lazy\" decoding=\"async\" width=\"119\" height=\"120\" class=\"wp-image-137 alignleft\" style=\"width: 119px;\" src=\"http:\/\/krv-wesermarsch.de\/wordpress\/wp-content\/uploads\/2019\/01\/Jader-Reitclub.jpg\" alt=\"\">Bereits seit 1907 werden im Jader Reitclub verschiedene Disziplinen des  Reitsports betrieben. Aktuell liegt der Schwerpunkt auf dem Dressur- und  Springsport. Sowohl Anf\u00e4nger als auch Fortgeschrittene bis hin zur  Klasse S sind aktive Mitglieder des Vereins. <br><a href=\"http:\/\/www.jader-reitclub.de\/\">Zur Homepage<\/a>    <\/p>\n\n\n\n<h4 class=\"wp-block-heading\">Moorriemer Reitklub e.V.<\/h4>\n\n\n\n<p><img decoding=\"async\" class=\"wp-image-152 alignleft\" style=\"width: 153px;\" src=\"https:\/\/krv-wesermarsch.de\/wordpress\/wp-content\/uploads\/2021\/09\/Logo_MRK.png\" alt=\"\" height=\"115\">Der Moorriemer Reitklub bietet neben dem klassischen Dressur- und  Springunterricht f\u00fcr Anf\u00e4nger und Fortgeschrittene jeden Alters  Voltigierunterricht f\u00fcr die ganz kleinen bis hin zum Turniersport an.  Auf Schulpferden kann Reiten gelernt oder voltigiert werden. Seit einigen Jahren besteht in Kooperation mit der Jade Hochschule, Standort  Elsfleth die M\u00f6glichkeit f\u00fcr Studenten Unterricht zu nehmen.<br><a href=\"http:\/\/www.moorriemer-reitklub.de\">Zur Homepage<\/a><\/p>\n\n\n\n<h4 class=\"wp-block-heading\">Nordenhamer Reitclub<\/h4>\n\n\n\n<p><img loading=\"lazy\" decoding=\"async\" width=\"150\" height=\"146\" class=\"wp-image-867 alignleft\" style=\"width: 150px;\" src=\"http:\/\/krv-wesermarsch.de\/wordpress\/wp-content\/uploads\/2019\/01\/Nordenhamer-Reitclub-1.jpg\" alt=\"\">Der Nordenhamer Reitclub e.V. wurde 1975 gegr\u00fcndet. Unser Verein z\u00e4hlt ca. 180 Mitglieder. Wir haben unseren Sitz auf der &#8220;Reitanlage am Bauernweg&#8221; der Familie Schramm-Brandt in Nordenham. Durch die Reitschule der Familie Schramm-Brandt geh\u00f6ren unserem Verein viele Kinder und Jugendliche, aber auch Erwachsene an, die Dressur- und Springunterricht auf Schulpferden nehmen. F\u00fcr sie werden immer wieder Veranstaltungen, wie Ausflugsfahrten und vereinsinterne Turniere angeboten. Aber auch f\u00fcr ambitionierte Turnier- und Freizeitreiter, welche ihre Pferde auf der &#8220;Reitanlage am Bauernweg&#8221; eingestellt haben, wird h\u00e4ufig Reitunterricht bei verschiedensten Reitlehrern angeboten. Hierbei liegt der Schwerpunkt auf dem Dressur- und Springsport. Durch zwei Reithallen (15x35m und 20&#215;60) und einem gro\u00dfem Au\u00dfenreitplatz (40x60m) gibt es f\u00fcr Reiter mit Privatpferden auch parallel zum Schulunterricht sehr gute Trainingsbedingungen. Zudem ist durch viele gro\u00dfz\u00fcgige Paddocks und Weiden, Sommer wie Winter, f\u00fcr gen\u00fcgend Auslauf und friste Luft gesorgt. Seit einigen Jahren ist bei uns auch der Voltigiersport vertreten. Von Gruppen f\u00fcr Kleinkinder, \u00fcber Turniergruppen bis hin zu einer Erwachsenengruppe kommt jede Interessen- und Altersklasse auf ihre Kosten.                                                                                   <br><a href=\"mailto:info@reitanlage-am-bauernweg.de\">Kontakt<\/a> oder <a href=\"https:\/\/m.facebook.com\/Reitanlage-am-Bauernweg-354877404885305\/\">Seite auf Facebook<\/a><\/p>\n\n\n\n<h4 class=\"wp-block-heading\">Reitverein Ovelg\u00f6nne<\/h4>\n\n\n\n<p><img loading=\"lazy\" decoding=\"async\" width=\"114\" height=\"64\" class=\"wp-image-141 alignleft\" style=\"width: 114px;\" src=\"http:\/\/krv-wesermarsch.de\/wordpress\/wp-content\/uploads\/2019\/01\/Ovelg\u00f6nne.jpg\" alt=\"\">Die Anlage des 1908 gegr\u00fcndeten Vereins befindet sich zentral gelegen in der Gemeinde Ovelg\u00f6nne in der N\u00e4he der Kreisstadt Brake.<br><a href=\"http:\/\/www.reiterverein-ovelgoenne.de\/\">Zur Homepage<\/a><\/p>\n\n\n\n<h4 class=\"wp-block-heading\">RUFV Rodenkirchen<\/h4>\n\n\n\n<p><img loading=\"lazy\" decoding=\"async\" width=\"150\" height=\"150\" class=\"wp-image-875 alignleft\" style=\"width: 150px;\" src=\"http:\/\/krv-wesermarsch.de\/wordpress\/wp-content\/uploads\/2019\/01\/Rodenkirchen-1.jpg\" alt=\"\" srcset=\"https:\/\/kpsv-wesermarsch.de\/wordpress\/wp-content\/uploads\/2019\/01\/Rodenkirchen-1.jpg 711w, https:\/\/kpsv-wesermarsch.de\/wordpress\/wp-content\/uploads\/2019\/01\/Rodenkirchen-1-150x150.jpg 150w, https:\/\/kpsv-wesermarsch.de\/wordpress\/wp-content\/uploads\/2019\/01\/Rodenkirchen-1-300x300.jpg 300w\" sizes=\"auto, (max-width: 150px) 100vw, 150px\" \/>Bereits 1864 gegr\u00fcndet, z\u00e4hlt der Reit- und Fahrverein Rodenkirchen   heute rund 150 Mitglieder. Ob im Springen oder der Dressur, Jugend oder  Senioren, der Reit- und  Fahrverein Rodenkirchen wird auf den Turnieren  in allen Sparten  repr\u00e4sentiert, worauf wir sehr stolz sind.  Jugendarbeit wird bei uns  gro\u00df geschrieben, daher bieten wir viele  Lehrg\u00e4nge und gemeinsame  Unternehmungen f\u00fcr unsere j\u00fcngeren Mitglieder  an. Aber auch Erwachsene  kommen bei dem Angebot auf unserer sch\u00f6nen  Anlage nicht zu kurz.<br><a href=\"http:\/\/www.rfv-rodenkirchen.de\/\">Zur Homepage<\/a><\/p>\n\n\n\n<h4 class=\"wp-block-heading\">Butjadinger RV Stollhamm<\/h4>\n\n\n\n<p><img loading=\"lazy\" decoding=\"async\" width=\"150\" height=\"173\" class=\"wp-image-136 alignleft\" style=\"width: 150px;\" src=\"http:\/\/krv-wesermarsch.de\/wordpress\/wp-content\/uploads\/2019\/01\/Stollhamm.jpg\" alt=\"\" srcset=\"https:\/\/kpsv-wesermarsch.de\/wordpress\/wp-content\/uploads\/2019\/01\/Stollhamm.jpg 521w, https:\/\/kpsv-wesermarsch.de\/wordpress\/wp-content\/uploads\/2019\/01\/Stollhamm-261x300.jpg 261w\" sizes=\"auto, (max-width: 150px) 100vw, 150px\" \/>Der Butjadinger Reiterverein Stollhamm wurde bereits 1919 gegr\u00fcndet. Viele der Mitglieder sind Kinder  und Jugendliche, somit liegt einer der Schwerpunkte in der Jugendarbeit.  Nat\u00fcrlich sind auch viele unserer Mitglieder aktive Turnierreiter,  welche immer wieder mit Erfolgen auf Turnieren auf sich aufmerksam  machen. <br><a href=\"http:\/\/www.rv-stollhamm.de.to\/\">Zur Homepage<\/a><\/p>\n\n\n\n<h4 class=\"wp-block-heading\">RuFV Nordbutjadingen Tossens<\/h4>\n\n\n\n<p><img loading=\"lazy\" decoding=\"async\" width=\"150\" height=\"150\" class=\"wp-image-870 alignleft\" style=\"width: 150px;\" src=\"http:\/\/krv-wesermarsch.de\/wordpress\/wp-content\/uploads\/2019\/01\/Tossens.jpg\" alt=\"\" srcset=\"https:\/\/kpsv-wesermarsch.de\/wordpress\/wp-content\/uploads\/2019\/01\/Tossens.jpg 476w, https:\/\/kpsv-wesermarsch.de\/wordpress\/wp-content\/uploads\/2019\/01\/Tossens-150x150.jpg 150w, https:\/\/kpsv-wesermarsch.de\/wordpress\/wp-content\/uploads\/2019\/01\/Tossens-300x300.jpg 300w\" sizes=\"auto, (max-width: 150px) 100vw, 150px\" \/>Der RuF Nordbutjadingen e.V. wurde 1926 gegr\u00fcndet und ist der am  n\u00f6rdlichst liegende Reitverein im sch\u00f6nen Butjadingen. Die neue  vereinseigene Reithalle wurde 1996 eingeweiht und ist das Aush\u00e4ngeschild  des Vereins. Mit seinen 20 hellen, ger\u00e4umigen Boxen, Reithalle 20&#215;40,  Au\u00dfenreitplatz 20&#215;60, Paddocks, Futtermeister, Sattelkammer, Solarium,  Waschplatz, Schulungsraum, WC, Parkplatz und angrenzenden Weidefl\u00e4chen  bietet der Verein seinen Einstellern eine Rundumversorgung. Es wird  Unterricht f\u00fcr Anf\u00e4nger und Fortgeschrittene auf Privat- oder  Schulpferden angeboten. Wechselnde Lehrg\u00e4nge, Reitabzeichenabnahmen,  gemeinsame Ausfl\u00fcge und das im Sommer stattfindende Turnier runden das  Angebot ab.<br><a href=\"http:\/\/www.ruf-tossens.de\/\">Zur Homepage<\/a> <\/p>\n\n\n\n<h4 class=\"wp-block-heading\">TG Weser-West<\/h4>\n\n\n\n<p><img loading=\"lazy\" decoding=\"async\" width=\"150\" height=\"150\" class=\"wp-image-144 alignleft\" style=\"width: 150px;\" src=\"http:\/\/krv-wesermarsch.de\/wordpress\/wp-content\/uploads\/2019\/01\/TG-Weser-West.jpg\" alt=\"\" srcset=\"https:\/\/kpsv-wesermarsch.de\/wordpress\/wp-content\/uploads\/2019\/01\/TG-Weser-West.jpg 960w, https:\/\/kpsv-wesermarsch.de\/wordpress\/wp-content\/uploads\/2019\/01\/TG-Weser-West-150x150.jpg 150w, https:\/\/kpsv-wesermarsch.de\/wordpress\/wp-content\/uploads\/2019\/01\/TG-Weser-West-300x300.jpg 300w, https:\/\/kpsv-wesermarsch.de\/wordpress\/wp-content\/uploads\/2019\/01\/TG-Weser-West-768x768.jpg 768w\" sizes=\"auto, (max-width: 150px) 100vw, 150px\" \/>Die Turniergemeinschaft Weser-West wurde 2007 gegr\u00fcndet, um das traditionelle Reitturnier in Nordenham-Blexen zu erhalten. Die ca. 70 Mitglieder m\u00f6chten f\u00fcr alle Jungen und Alten ein sch\u00f6nes und vielf\u00e4ltiges Reitturnier veranstalten, um den Reitsport zu unterst\u00fctzen. Zudem soll dem Nordenhamer Publikum ein hautnahes Erlebnis des Pferdesports erm\u00f6glicht werden.<br><a href=\"mailto:sandra.torhorst@ewetel.net\">Kontakt<\/a><\/p>\n\n\n\n<h4 class=\"wp-block-heading\">Butjenter Pferdefreunde e.V.<\/h4>\n\n\n\n<h4 class=\"wp-block-heading\">TG Zucht und Sport Lemwerder e.V.<\/h4>\n","protected":false},"excerpt":{"rendered":"<p>Stedinger RUFV Sturmvogel Berne Der Stedinger RUFV Sturmvogel Berne ist der am s\u00fcdlichsten gelegene Verein des Kreisreiterverbandes Wesermarsch. In der [&hellip;]<\/p>\n","protected":false},"author":1,"featured_media":0,"parent":0,"menu_order":0,"comment_status":"closed","ping_status":"closed","template":"","meta":{"_uag_custom_page_level_css":"","site-sidebar-layout":"default","site-content-layout":"","ast-site-content-layout":"default","site-content-style":"default","site-sidebar-style":"default","ast-global-header-display":"","ast-banner-title-visibility":"","ast-main-header-display":"","ast-hfb-above-header-display":"","ast-hfb-below-header-display":"","ast-hfb-mobile-header-display":"","site-post-title":"","ast-breadcrumbs-content":"","ast-featured-img":"","footer-sml-layout":"","theme-transparent-header-meta":"","adv-header-id-meta":"","stick-header-meta":"","header-above-stick-meta":"","header-main-stick-meta":"","header-below-stick-meta":"","astra-migrate-meta-layouts":"default","ast-page-background-enabled":"default","ast-page-background-meta":{"desktop":{"background-color":"var(--ast-global-color-5)","background-image":"","background-repeat":"repeat","background-position":"center center","background-size":"auto","background-attachment":"scroll","background-type":"","background-media":"","overlay-type":"","overlay-color":"","overlay-opacity":"","overlay-gradient":""},"tablet":{"background-color":"","background-image":"","background-repeat":"repeat","background-position":"center center","background-size":"auto","background-attachment":"scroll","background-type":"","background-media":"","overlay-type":"","overlay-color":"","overlay-opacity":"","overlay-gradient":""},"mobile":{"background-color":"","background-image":"","background-repeat":"repeat","background-position":"center center","background-size":"auto","background-attachment":"scroll","background-type":"","background-media":"","overlay-type":"","overlay-color":"","overlay-opacity":"","overlay-gradient":""}},"ast-content-background-meta":{"desktop":{"background-color":"var(--ast-global-color-4)","background-image":"","background-repeat":"repeat","background-position":"center center","background-size":"auto","background-attachment":"scroll","background-type":"","background-media":"","overlay-type":"","overlay-color":"","overlay-opacity":"","overlay-gradient":""},"tablet":{"background-color":"var(--ast-global-color-4)","background-image":"","background-repeat":"repeat","background-position":"center center","background-size":"auto","background-attachment":"scroll","background-type":"","background-media":"","overlay-type":"","overlay-color":"","overlay-opacity":"","overlay-gradient":""},"mobile":{"background-color":"var(--ast-global-color-4)","background-image":"","background-repeat":"repeat","background-position":"center center","background-size":"auto","background-attachment":"scroll","background-type":"","background-media":"","overlay-type":"","overlay-color":"","overlay-opacity":"","overlay-gradient":""}},"footnotes":""},"class_list":["post-756","page","type-page","status-publish","hentry"],"uagb_featured_image_src":{"full":false,"thumbnail":false,"medium":false,"medium_large":false,"large":false,"1536x1536":false,"2048x2048":false},"uagb_author_info":{"display_name":"admin","author_link":"https:\/\/krv-wesermarsch.de\/wordpress\/author\/admin\/"},"uagb_comment_info":0,"uagb_excerpt":"Stedinger RUFV Sturmvogel Berne Der Stedinger RUFV Sturmvogel Berne ist der am s\u00fcdlichsten gelegene Verein des Kreisreiterverbandes Wesermarsch. In der [&hellip;]","_links":{"self":[{"href":"https:\/\/krv-wesermarsch.de\/wordpress\/wp-json\/wp\/v2\/pages\/756","targetHints":{"allow":["GET"]}}],"collection":[{"href":"https:\/\/krv-wesermarsch.de\/wordpress\/wp-json\/wp\/v2\/pages"}],"about":[{"href":"https:\/\/krv-wesermarsch.de\/wordpress\/wp-json\/wp\/v2\/types\/page"}],"author":[{"embeddable":true,"href":"https:\/\/krv-wesermarsch.de\/wordpress\/wp-json\/wp\/v2\/users\/1"}],"replies":[{"embeddable":true,"href":"https:\/\/krv-wesermarsch.de\/wordpress\/wp-json\/wp\/v2\/comments?post=756"}],"version-history":[{"count":32,"href":"https:\/\/krv-wesermarsch.de\/wordpress\/wp-json\/wp\/v2\/pages\/756\/revisions"}],"predecessor-version":[{"id":2527,"href":"https:\/\/krv-wesermarsch.de\/wordpress\/wp-json\/wp\/v2\/pages\/756\/revisions\/2527"}],"wp:attachment":[{"href":"https:\/\/krv-wesermarsch.de\/wordpress\/wp-json\/wp\/v2\/media?parent=756"}],"curies":[{"name":"wp","href":"https:\/\/api.w.org\/{rel}","templated":true}]}}