{"id":2891,"date":"2026-01-18T21:08:26","date_gmt":"2026-01-18T20:08:26","guid":{"rendered":"https:\/\/krv-wesermarsch.de\/wordpress\/?page_id=2891"},"modified":"2026-01-18T21:08:26","modified_gmt":"2026-01-18T20:08:26","slug":"kreismeisterschaft-2026","status":"publish","type":"page","link":"https:\/\/krv-wesermarsch.de\/wordpress\/kreismeisterschaft-2026\/","title":{"rendered":"Kreismeisterschaft 2026"},"content":{"rendered":"\n<h3 class=\"wp-block-heading\">Bedingungen<\/h3>\n\n\n\n<figure class=\"wp-block-image size-large\"><img loading=\"lazy\" decoding=\"async\" width=\"1024\" height=\"698\" src=\"https:\/\/krv-wesermarsch.de\/wordpress\/wp-content\/uploads\/2026\/01\/KM-Bedingungen-2026-1024x698.png\" alt=\"\" class=\"wp-image-2893\" srcset=\"https:\/\/krv-wesermarsch.de\/wordpress\/wp-content\/uploads\/2026\/01\/KM-Bedingungen-2026-1024x698.png 1024w, https:\/\/krv-wesermarsch.de\/wordpress\/wp-content\/uploads\/2026\/01\/KM-Bedingungen-2026-300x205.png 300w, https:\/\/krv-wesermarsch.de\/wordpress\/wp-content\/uploads\/2026\/01\/KM-Bedingungen-2026-768x524.png 768w, https:\/\/krv-wesermarsch.de\/wordpress\/wp-content\/uploads\/2026\/01\/KM-Bedingungen-2026.png 1088w\" sizes=\"auto, (max-width: 1024px) 100vw, 1024px\" \/><\/figure>\n\n\n\n<p><\/p>\n\n\n\n<ul class=\"wp-block-list\">\n<li>Es k\u00f6nnen zwei Pferde geritten werden. Im Finale wird nur das jeweils bessere Gesamtergebnis gewertet.&nbsp;<\/li>\n\n\n\n<li>Der Teilnehmer muss mindestens seit dem 01.01.2026 Stammmitglied in einem Reitverein des KPSV Wesermarsch Mitglied sein. An der KM k\u00f6nnen ausschlie\u00dflich Reiter teilnehmen, die ihren Lebensunterhalt nicht mit dem Beritt und\/oder dem Verkauf von Pferden verdienen.<\/li>\n\n\n\n<li>Kleine (WBO) und Gro\u00dfe (LPO) Kombinierte Tour: Geritten werden muss f\u00fcr die Punktewertung jeweils Dressur und Springen pro Quali\/Finale mit demselben Pferd.<\/li>\n\n\n\n<li>Reiter mit LK 7 oder 0 k\u00f6nnen an der \u201cKombinierten Tour (WPO)\u201d <strong>oder<\/strong> \u201cMini-KM\u201d teilnehmen, eine Teilnahme an beiden Kreismeisterschaften ist nicht m\u00f6glich.<\/li>\n\n\n\n<li>Reiter mit der LK 6 k\u00f6nnen an der \u201cKombinierten Tour (LPO)\u201d <strong>oder<\/strong> der \u201cKleinen Tour Dressur\u201d\/\u201dSpring-Tour\u201d teilnehmen. Eine Teilnahme an der \u201cKombinierten Tour (LPO)\u201d ist nur m\u00f6glich, wenn nicht die \u201cKleine Tour Dressur\u201d oder die \u201dSpring-Tour\u201d mitgeritten wurde. Ggf. muss die Absage der Teilnahme <strong>vor<\/strong> dem Finale der \u201cKleinen Tour Dressur\u201d oder \u201dSpring-Tour\u201d&nbsp; per E-Mail an km@kpsv-wesermarsch.de erfolgen.<\/li>\n\n\n\n<li>Einzelreiter: Es m\u00fcssen JE EINE Quali UND das Finale geritten werden. Werden beide Qualis geritten, wird die h\u00f6here Punktzahl angerechnet.&nbsp;<\/li>\n\n\n\n<li>Mannschaftswertung:\n<ul class=\"wp-block-list\">\n<li>Die A-Mannschaften m\u00fcssen die Quali UND das Finale reiten.<\/li>\n\n\n\n<li>Der Start in zwei Mannschaften derselben Disziplin ist nicht gestattet. Ein Reiter kann sowohl in einer Dressur- als auch in einer Springmannschaft starten.<\/li>\n\n\n\n<li>Jedes Pferd darf nur in einer Mannschaft pro KM-Wertung starten.<\/li>\n\n\n\n<li>Springen: Drei bis vier Reiter bilden ein Team, zwei Reiter mit LK 6 oder 7 reiten ein E-Springen, zwei Reiter mit LK 3-6 reiten den gleichen Parcours als A-Springen. Die Summe der Ergebnisse der drei besten Reiter ergibt das Gesamtergebnis.<\/li>\n<\/ul>\n<\/li>\n\n\n\n<li>Mini-KM: Geritten wird ein F\u00fchrz\u00fcgel-WB, bei zwei oder mehr Abteilungen entscheidet eine Siegerrunde \u00fcber die Rangierung. Die Siegerrunde besteht aus mindestens sechs Wesermarsch-Reitern, soweit m\u00f6glich gleichm\u00e4\u00dfig verteilt aus den einzelnen Abteilungen.&nbsp;<\/li>\n\n\n\n<li>Eine <strong>Anmeldung ist nicht erforderlich<\/strong>, es werden jeweils alle Reiter ber\u00fccksichtigt, die die entsprechenden Anforderungen erf\u00fcllen.<\/li>\n<\/ul>\n\n\n\n<p><strong>Punkteberechnung<\/strong><strong>&nbsp;<\/strong><\/p>\n\n\n\n<ul class=\"wp-block-list\">\n<li>Punktewertung: 1. Platz: 31 Punkte; 2. Platz: 29 Punkte; 3. Platz: 28 Punkte; 4. Platz: 27 Punkte; usw.<\/li>\n\n\n\n<li>1. und 2. Quali: 1-fache Punktevergabe\/ Finale 2-fache Punktevergabe<\/li>\n\n\n\n<li>Bei der Punktevergabe werden nur die Reiter des KPSV Wesermarsch ber\u00fccksichtigt, die die Bedingungen erf\u00fcllen.<\/li>\n\n\n\n<li>Bei zwei Wesermarsch-Reitern\/Mannschaften auf dem gleichen Platz, erhalten beide Reiter die volle Punktzahl f\u00fcr den erreichten Platz. Die Punkte f\u00fcr den nicht vergebenen darauffolgenden Platz entfallen.&nbsp;<\/li>\n\n\n\n<li>Scheidet ein Reiter aus, erh\u00e4lt keine Wertnote oder verzichtet, wird die Pr\u00fcfung mit 0 Punkten gewertet.<\/li>\n\n\n\n<li>Bei Punktgleichheit zweier Reiter\/Mannschaften z\u00e4hlt das bessere Ergebnis des Finales.<\/li>\n\n\n\n<li>Kombinierte Tour:\n<ul class=\"wp-block-list\">\n<li>Die Punktevergabe erfolgt f\u00fcr beide Disziplinen getrennt, die Summe der Punkte beider Disziplinen ergibt die Punktzahl der Quali\/des Finales.<\/li>\n\n\n\n<li>Bei Punktgleichheit nach dem Finale z\u00e4hlt das bessere Ergebnis in der Dressur aus der Finalpr\u00fcfung.<\/li>\n<\/ul>\n<\/li>\n\n\n\n<li>Eine Neuverteilung der Punkte findet auch bei der Streichung eines Reiters nicht statt. Es r\u00fcckt automatisch der Nachfolgende in der Gesamttabelle auf.<\/li>\n<\/ul>\n\n\n\n<p><strong>Damit eine Vergabe der jeweiligen KM erfolgt, m\u00fcssen folgende Voraussetzungen erf\u00fcllt sein,&nbsp; andernfalls entf\u00e4llt die jeweilige KM-Wertung in diesem Jahr: Es m\u00fcssen insgesamt 4 Einzelreiter das Finale geritten sein. Es m\u00fcssen mind. 3 Mannschaften das Finale geritten haben.<\/strong><\/p>\n\n\n\n<p><strong>R\u00fcckfragen und Anmerkungen nur per E-Mail: km@kpsv-wesermarsch.de<\/strong><\/p>\n\n\n\n<h3 class=\"wp-block-heading\">Qualifikationspr\u00fcfungen<\/h3>\n\n\n\n<ol class=\"wp-block-list\">\n<li>25.04.+26.04.2026, Rodenkirchen, Qualifikation Kleine und Gro\u00dfe Tour Dressur, A-Dressur-Mannschaft<\/li>\n\n\n\n<li>14.05.+15.05.2026, Berne, Qualifikation A-Dressur-Mannschaft<\/li>\n\n\n\n<li>05.06.-07.06.2026, Ovelg\u00f6nne, Qualifikation Kleine und Gro\u00dfe Tour Dressur, Spring-Tour, Gro\u00dfe Kombinierte Tour; Finale A-Dressur-Mannschaft<\/li>\n\n\n\n<li>12.06.-14.06.2026, Jaderberg, Finale Spring-Tour, Team-Springen<\/li>\n\n\n\n<li>04.07.+05.07.2026, Tossens, Finale Kleine und Gro\u00dfe Tour Dressur, Gro\u00dfe Kombinierte Tour und Mini<\/li>\n\n\n\n<li>05.09.2026, Bettingb\u00fchren, Qualifikation Kleine Kombinierte Tour und E-Dressur-Mannschaft<\/li>\n\n\n\n<li>19.09.2026, Ovelg\u00f6nne, Qualifikation Kleine Kombinierte Tour und E-Dressur-Mannschaft<\/li>\n\n\n\n<li>03.10.2026, Jaderberg, Finale Kleine Kombinierte Tour und E-Dressur-Mannschaft<\/li>\n<\/ol>\n\n\n\n<figure class=\"wp-block-image size-large\"><img loading=\"lazy\" decoding=\"async\" width=\"1024\" height=\"489\" src=\"https:\/\/krv-wesermarsch.de\/wordpress\/wp-content\/uploads\/2026\/01\/Qualifikationsprfg_2026-1024x489.png\" alt=\"\" class=\"wp-image-2892\" srcset=\"https:\/\/krv-wesermarsch.de\/wordpress\/wp-content\/uploads\/2026\/01\/Qualifikationsprfg_2026-1024x489.png 1024w, https:\/\/krv-wesermarsch.de\/wordpress\/wp-content\/uploads\/2026\/01\/Qualifikationsprfg_2026-300x143.png 300w, https:\/\/krv-wesermarsch.de\/wordpress\/wp-content\/uploads\/2026\/01\/Qualifikationsprfg_2026-768x366.png 768w, https:\/\/krv-wesermarsch.de\/wordpress\/wp-content\/uploads\/2026\/01\/Qualifikationsprfg_2026-1536x733.png 1536w, https:\/\/krv-wesermarsch.de\/wordpress\/wp-content\/uploads\/2026\/01\/Qualifikationsprfg_2026.png 1641w\" sizes=\"auto, (max-width: 1024px) 100vw, 1024px\" \/><\/figure>\n","protected":false},"excerpt":{"rendered":"<p>Bedingungen Punkteberechnung&nbsp; Damit eine Vergabe der jeweiligen KM erfolgt, m\u00fcssen folgende Voraussetzungen erf\u00fcllt sein,&nbsp; andernfalls entf\u00e4llt die jeweilige KM-Wertung in [&hellip;]<\/p>\n","protected":false},"author":3,"featured_media":0,"parent":0,"menu_order":0,"comment_status":"closed","ping_status":"closed","template":"","meta":{"_uag_custom_page_level_css":"","site-sidebar-layout":"default","site-content-layout":"","ast-site-content-layout":"default","site-content-style":"default","site-sidebar-style":"default","ast-global-header-display":"","ast-banner-title-visibility":"","ast-main-header-display":"","ast-hfb-above-header-display":"","ast-hfb-below-header-display":"","ast-hfb-mobile-header-display":"","site-post-title":"","ast-breadcrumbs-content":"","ast-featured-img":"","footer-sml-layout":"","theme-transparent-header-meta":"","adv-header-id-meta":"","stick-header-meta":"","header-above-stick-meta":"","header-main-stick-meta":"","header-below-stick-meta":"","astra-migrate-meta-layouts":"default","ast-page-background-enabled":"default","ast-page-background-meta":{"desktop":{"background-color":"var(--ast-global-color-5)","background-image":"","background-repeat":"repeat","background-position":"center center","background-size":"auto","background-attachment":"scroll","background-type":"","background-media":"","overlay-type":"","overlay-color":"","overlay-opacity":"","overlay-gradient":""},"tablet":{"background-color":"","background-image":"","background-repeat":"repeat","background-position":"center center","background-size":"auto","background-attachment":"scroll","background-type":"","background-media":"","overlay-type":"","overlay-color":"","overlay-opacity":"","overlay-gradient":""},"mobile":{"background-color":"","background-image":"","background-repeat":"repeat","background-position":"center center","background-size":"auto","background-attachment":"scroll","background-type":"","background-media":"","overlay-type":"","overlay-color":"","overlay-opacity":"","overlay-gradient":""}},"ast-content-background-meta":{"desktop":{"background-color":"var(--ast-global-color-4)","background-image":"","background-repeat":"repeat","background-position":"center center","background-size":"auto","background-attachment":"scroll","background-type":"","background-media":"","overlay-type":"","overlay-color":"","overlay-opacity":"","overlay-gradient":""},"tablet":{"background-color":"var(--ast-global-color-4)","background-image":"","background-repeat":"repeat","background-position":"center center","background-size":"auto","background-attachment":"scroll","background-type":"","background-media":"","overlay-type":"","overlay-color":"","overlay-opacity":"","overlay-gradient":""},"mobile":{"background-color":"var(--ast-global-color-4)","background-image":"","background-repeat":"repeat","background-position":"center center","background-size":"auto","background-attachment":"scroll","background-type":"","background-media":"","overlay-type":"","overlay-color":"","overlay-opacity":"","overlay-gradient":""}},"footnotes":""},"class_list":["post-2891","page","type-page","status-publish","hentry"],"uagb_featured_image_src":{"full":false,"thumbnail":false,"medium":false,"medium_large":false,"large":false,"1536x1536":false,"2048x2048":false},"uagb_author_info":{"display_name":"Lyn Goltz","author_link":"https:\/\/krv-wesermarsch.de\/wordpress\/author\/lyngoltz\/"},"uagb_comment_info":0,"uagb_excerpt":"Bedingungen Punkteberechnung&nbsp; Damit eine Vergabe der jeweiligen KM erfolgt, m\u00fcssen folgende Voraussetzungen erf\u00fcllt sein,&nbsp; andernfalls entf\u00e4llt die jeweilige KM-Wertung in [&hellip;]","_links":{"self":[{"href":"https:\/\/krv-wesermarsch.de\/wordpress\/wp-json\/wp\/v2\/pages\/2891","targetHints":{"allow":["GET"]}}],"collection":[{"href":"https:\/\/krv-wesermarsch.de\/wordpress\/wp-json\/wp\/v2\/pages"}],"about":[{"href":"https:\/\/krv-wesermarsch.de\/wordpress\/wp-json\/wp\/v2\/types\/page"}],"author":[{"embeddable":true,"href":"https:\/\/krv-wesermarsch.de\/wordpress\/wp-json\/wp\/v2\/users\/3"}],"replies":[{"embeddable":true,"href":"https:\/\/krv-wesermarsch.de\/wordpress\/wp-json\/wp\/v2\/comments?post=2891"}],"version-history":[{"count":1,"href":"https:\/\/krv-wesermarsch.de\/wordpress\/wp-json\/wp\/v2\/pages\/2891\/revisions"}],"predecessor-version":[{"id":2894,"href":"https:\/\/krv-wesermarsch.de\/wordpress\/wp-json\/wp\/v2\/pages\/2891\/revisions\/2894"}],"wp:attachment":[{"href":"https:\/\/krv-wesermarsch.de\/wordpress\/wp-json\/wp\/v2\/media?parent=2891"}],"curies":[{"name":"wp","href":"https:\/\/api.w.org\/{rel}","templated":true}]}}