{"id":2885,"date":"2026-01-11T20:57:29","date_gmt":"2026-01-11T19:57:29","guid":{"rendered":"https:\/\/krv-wesermarsch.de\/wordpress\/?page_id=2885"},"modified":"2026-01-30T13:01:13","modified_gmt":"2026-01-30T12:01:13","slug":"sportkurs-reiterfitness","status":"publish","type":"page","link":"https:\/\/krv-wesermarsch.de\/wordpress\/sportkurs-reiterfitness\/","title":{"rendered":"Sportkurs &#8220;Reiterfitness&#8221;"},"content":{"rendered":"\n<p>Weil dein Pferd die beste Version von dir verdient! F\u00fcr alle, die mit guten Vors\u00e4tzen ins neue Jahr starten wollen und nicht nur ihr Pferd sondern auch sich selbst trainieren wollen, bieten wir einen Sportkurs &#8220;Reiterfitness&#8221; an. An vier Terminen werden in einer jeweils einst\u00fcndigen Trainingseinheit unterschiedliche Schwerpunkte behandelt: Besser aussitzen, gezielte Hilfengebung, aufrechter Sitz und ruhige H\u00e4nde. Trainiert werden K\u00f6rperbewusstsein, Beweglichkeit, Kr\u00e4ftigung, Balance und Wohlbefinden.<\/p>\n\n\n\n<p>Geleitet wird der Kurs von Iris zur Horst: Trainerin f\u00fcr Faszienyoga, Fitnesstrainerin mit B-Lizenz und Trainerin f\u00fcr funktionelles Reitertraining.<\/p>\n\n\n\n<p>Jeder Teilnehmer ben\u00f6tigt eine Matte (oder Decke) und einen Pezziball f\u00fcr den Kurs. <\/p>\n\n\n\n<p>Die Kosten f\u00fcr den Kurs betragen 35 \u20ac f\u00fcr Stammmitglieder in einem der dem KPSV Wesermarsch angeschlossenen Vereine. Teilnehmer, die in keinem Verein des KPSV Wesermarsch Mitglied sind, k\u00f6nnen nachr\u00fccken und zahlen 45 \u20ac . Der Sportkurs findet im <a href=\"https:\/\/www.openstreetmap.org\/?mlat=53.298299&amp;mlon=8.402830#map=17\/53.297966\/8.402835\" data-type=\"link\" data-id=\"https:\/\/www.openstreetmap.org\/?mlat=53.298299&amp;mlon=8.402830#map=17\/53.297966\/8.402835\">Gemeindehaus Oldenbrok<\/a> an folgenden Terminen jeweils von 18-19 Uhr und 19-20 Uhr statt:<\/p>\n\n\n\n<ul class=\"wp-block-list\">\n<li>24.02.2026<\/li>\n\n\n\n<li>03.03.2026<\/li>\n\n\n\n<li>10.03.2026<\/li>\n\n\n\n<li>17.03.2026<\/li>\n<\/ul>\n\n\n\n<p>Verbindliche Anmeldung bis zum 14.02.2026, die Kosten f\u00fcr den Lehrgang sind bis zum 18.02.2026 zu \u00fcberweisen (Kontodaten werden per E-Mail bekannt gegeben). Die Anzahl der Teilnehmer ist begrenzt.<\/p>\n\n\n\n<div class=\"wpcf7 no-js\" id=\"wpcf7-f2886-o1\" lang=\"de-DE\" dir=\"ltr\" data-wpcf7-id=\"2886\">\n<div class=\"screen-reader-response\"><p role=\"status\" aria-live=\"polite\" aria-atomic=\"true\"><\/p> <ul><\/ul><\/div>\n<form action=\"\/wordpress\/wp-json\/wp\/v2\/pages\/2885#wpcf7-f2886-o1\" method=\"post\" class=\"wpcf7-form init\" aria-label=\"Kontaktformular\" novalidate=\"novalidate\" data-status=\"init\">\n<fieldset class=\"hidden-fields-container\"><input type=\"hidden\" name=\"_wpcf7\" value=\"2886\" \/><input type=\"hidden\" name=\"_wpcf7_version\" value=\"6.1.4\" \/><input type=\"hidden\" name=\"_wpcf7_locale\" value=\"de_DE\" \/><input type=\"hidden\" name=\"_wpcf7_unit_tag\" value=\"wpcf7-f2886-o1\" \/><input type=\"hidden\" name=\"_wpcf7_container_post\" value=\"0\" \/><input type=\"hidden\" name=\"_wpcf7_posted_data_hash\" value=\"\" \/>\n<\/fieldset>\n<p><label class=\"h3\">Verbindliche Anmeldung zum Sportkurs \u201eReiterfitness\u201c<\/label>\n<\/p>\n<p><label> Vor- und Nachname (Pflichtfeld)<br \/>\n<span class=\"wpcf7-form-control-wrap\" data-name=\"teilnehmer\"><input size=\"40\" maxlength=\"400\" class=\"wpcf7-form-control wpcf7-text wpcf7-validates-as-required\" aria-required=\"true\" aria-invalid=\"false\" value=\"\" type=\"text\" name=\"teilnehmer\" \/><\/span> <\/label>\n<\/p>\n<p><label> E-Mail-Adresse (Pflichtfeld)<br \/>\n<span class=\"wpcf7-form-control-wrap\" data-name=\"email\"><input size=\"40\" maxlength=\"400\" class=\"wpcf7-form-control wpcf7-email wpcf7-validates-as-required wpcf7-text wpcf7-validates-as-email\" aria-required=\"true\" aria-invalid=\"false\" value=\"\" type=\"email\" name=\"email\" \/><\/span> <\/label>\n<\/p>\n<p><label> Mobiltelefon (WhatsApp, Pflichtfeld)<br \/>\n<span class=\"wpcf7-form-control-wrap\" data-name=\"mobilnr\"><input size=\"40\" maxlength=\"400\" class=\"wpcf7-form-control wpcf7-text wpcf7-validates-as-required\" aria-required=\"true\" aria-invalid=\"false\" value=\"\" type=\"text\" name=\"mobilnr\" \/><\/span> <\/label>\n<\/p>\n<p><label> Verein (Pflichtfeld)<br \/>\n<span class=\"wpcf7-form-control-wrap\" data-name=\"verein\"><select class=\"wpcf7-form-control wpcf7-select wpcf7-validates-as-required\" aria-required=\"true\" aria-invalid=\"false\" name=\"verein\"><option value=\"Stedinger RUFV Sturmvogel Berne\">Stedinger RUFV Sturmvogel Berne<\/option><option value=\"RV Bettingb\u00fchren e.V.\">RV Bettingb\u00fchren e.V.<\/option><option value=\"Jader RC e.V.\">Jader RC e.V.<\/option><option value=\"Moorriemer RC e.V.\">Moorriemer RC e.V.<\/option><option value=\"Nordenhamer RC e.V.\">Nordenhamer RC e.V.<\/option><option value=\"RV Ovelg\u00f6nne von 1908 e.V.\">RV Ovelg\u00f6nne von 1908 e.V.<\/option><option value=\"RUFV Rodenkirchen\">RUFV Rodenkirchen<\/option><option value=\"Butjadinger RV. Stollhamm\">Butjadinger RV. Stollhamm<\/option><option value=\"RUFV Nordbutjadingen e.V. Tossens\">RUFV Nordbutjadingen e.V. Tossens<\/option><option value=\"TG Weser-West e.V.\">TG Weser-West e.V.<\/option><option value=\"TG Zucht und Sport Lemwerder\">TG Zucht und Sport Lemwerder<\/option><option value=\"Kein Verein aus der Wesermarsch\">Kein Verein aus der Wesermarsch<\/option><\/select><\/span> <\/label>\n<\/p>\n<p><label>Uhrzeit (Pflichtfeld)<\/label><br \/>\n<span class=\"wpcf7-form-control-wrap\" data-name=\"uhrzeit\"><span class=\"wpcf7-form-control wpcf7-radio\"><span class=\"wpcf7-list-item first\"><input type=\"radio\" name=\"uhrzeit\" value=\"18:00 Uhr\" \/><span class=\"wpcf7-list-item-label\">18:00 Uhr<\/span><\/span><span class=\"wpcf7-list-item last\"><input type=\"radio\" name=\"uhrzeit\" value=\"19:00 Uhr\" \/><span class=\"wpcf7-list-item-label\">19:00 Uhr<\/span><\/span><\/span><\/span><br \/>\n<span class=\"wpcf7-form-control-wrap\" data-name=\"andereUhrzeit\"><span class=\"wpcf7-form-control wpcf7-checkbox\"><span class=\"wpcf7-list-item first last\"><input type=\"checkbox\" name=\"andereUhrzeit[]\" value=\"Ich kann zu beiden Uhrzeiten (die angegebene Uhrzeit ist die Wunschuhrzeit).\" \/><span class=\"wpcf7-list-item-label\">Ich kann zu beiden Uhrzeiten (die angegebene Uhrzeit ist die Wunschuhrzeit).<\/span><\/span><\/span><\/span>\n<\/p>\n<p><span class=\"wpcf7-form-control-wrap\" data-name=\"datenschutz\"><span class=\"wpcf7-form-control wpcf7-acceptance\"><span class=\"wpcf7-list-item\"><label><input type=\"checkbox\" name=\"datenschutz\" value=\"1\" aria-invalid=\"false\" \/><span class=\"wpcf7-list-item-label\">Ich stimme zu, dass meine Angaben aus dem Formular f\u00fcr die Organisation des Sportkurses erhoben und verarbeitet werden. Detaillierte Informationen zum Umgang mit Nutzerdaten finden Sie in unserer <a href=\"http:\/\/krv-wesermarsch.de\/wordpress\/datenschutzerklaerung\" target=\"_blank\">Datenschutzerkl\u00e4rung<\/a>.<\/span><\/label><\/span><\/span><\/span>\n<\/p>\n<p><span id=\"wpcf7-69e78069cd9ee-wrapper\" class=\"wpcf7-form-control-wrap honeypot-sk2026-1-wrap\" style=\"display:none !important; visibility:hidden !important;\"><label for=\"wpcf7-69e78069cd9ee-field\" class=\"hp-message\">Bitte lasse dieses Feld leer.<\/label><input id=\"wpcf7-69e78069cd9ee-field\"  class=\"wpcf7-form-control wpcf7-text\" type=\"text\" name=\"honeypot-sk2026-1\" value=\"\" size=\"40\" tabindex=\"-1\" autocomplete=\"new-password\" \/><\/span><br \/>\n<span id=\"wpcf7-69e78069cda54-wrapper\" class=\"wpcf7-form-control-wrap honeypot-sk2026-2-wrap\" style=\"display:none !important; visibility:hidden !important;\"><label for=\"wpcf7-69e78069cda54-field\" class=\"hp-message\">Bitte lasse dieses Feld leer.<\/label><input id=\"wpcf7-69e78069cda54-field\"  class=\"wpcf7-form-control wpcf7-text\" type=\"text\" name=\"honeypot-sk2026-2\" value=\"\" size=\"40\" tabindex=\"-1\" autocomplete=\"new-password\" \/><\/span>\n<\/p>\n<p><input class=\"wpcf7-form-control wpcf7-submit has-spinner\" type=\"submit\" value=\"Anmeldung abschicken\" \/>\n<\/p><p style=\"display: none !important;\" class=\"akismet-fields-container\" data-prefix=\"_wpcf7_ak_\"><label>&#916;<textarea name=\"_wpcf7_ak_hp_textarea\" cols=\"45\" rows=\"8\" maxlength=\"100\"><\/textarea><\/label><input type=\"hidden\" id=\"ak_js_1\" name=\"_wpcf7_ak_js\" value=\"2\"\/><script>document.getElementById( \"ak_js_1\" ).setAttribute( \"value\", ( new Date() ).getTime() );<\/script><\/p><div class=\"wpcf7-response-output\" aria-hidden=\"true\"><\/div>\n<\/form>\n<\/div>\n\n","protected":false},"excerpt":{"rendered":"<p>Weil dein Pferd die beste Version von dir verdient! F\u00fcr alle, die mit guten Vors\u00e4tzen ins neue Jahr starten wollen [&hellip;]<\/p>\n","protected":false},"author":3,"featured_media":0,"parent":0,"menu_order":0,"comment_status":"closed","ping_status":"closed","template":"","meta":{"_uag_custom_page_level_css":"","site-sidebar-layout":"default","site-content-layout":"","ast-site-content-layout":"default","site-content-style":"default","site-sidebar-style":"default","ast-global-header-display":"","ast-banner-title-visibility":"","ast-main-header-display":"","ast-hfb-above-header-display":"","ast-hfb-below-header-display":"","ast-hfb-mobile-header-display":"","site-post-title":"","ast-breadcrumbs-content":"","ast-featured-img":"","footer-sml-layout":"","theme-transparent-header-meta":"","adv-header-id-meta":"","stick-header-meta":"","header-above-stick-meta":"","header-main-stick-meta":"","header-below-stick-meta":"","astra-migrate-meta-layouts":"default","ast-page-background-enabled":"default","ast-page-background-meta":{"desktop":{"background-color":"var(--ast-global-color-5)","background-image":"","background-repeat":"repeat","background-position":"center center","background-size":"auto","background-attachment":"scroll","background-type":"","background-media":"","overlay-type":"","overlay-color":"","overlay-opacity":"","overlay-gradient":""},"tablet":{"background-color":"","background-image":"","background-repeat":"repeat","background-position":"center center","background-size":"auto","background-attachment":"scroll","background-type":"","background-media":"","overlay-type":"","overlay-color":"","overlay-opacity":"","overlay-gradient":""},"mobile":{"background-color":"","background-image":"","background-repeat":"repeat","background-position":"center center","background-size":"auto","background-attachment":"scroll","background-type":"","background-media":"","overlay-type":"","overlay-color":"","overlay-opacity":"","overlay-gradient":""}},"ast-content-background-meta":{"desktop":{"background-color":"var(--ast-global-color-4)","background-image":"","background-repeat":"repeat","background-position":"center center","background-size":"auto","background-attachment":"scroll","background-type":"","background-media":"","overlay-type":"","overlay-color":"","overlay-opacity":"","overlay-gradient":""},"tablet":{"background-color":"var(--ast-global-color-4)","background-image":"","background-repeat":"repeat","background-position":"center center","background-size":"auto","background-attachment":"scroll","background-type":"","background-media":"","overlay-type":"","overlay-color":"","overlay-opacity":"","overlay-gradient":""},"mobile":{"background-color":"var(--ast-global-color-4)","background-image":"","background-repeat":"repeat","background-position":"center center","background-size":"auto","background-attachment":"scroll","background-type":"","background-media":"","overlay-type":"","overlay-color":"","overlay-opacity":"","overlay-gradient":""}},"footnotes":""},"class_list":["post-2885","page","type-page","status-publish","hentry"],"uagb_featured_image_src":{"full":false,"thumbnail":false,"medium":false,"medium_large":false,"large":false,"1536x1536":false,"2048x2048":false},"uagb_author_info":{"display_name":"Lyn Goltz","author_link":"https:\/\/krv-wesermarsch.de\/wordpress\/author\/lyngoltz\/"},"uagb_comment_info":0,"uagb_excerpt":"Weil dein Pferd die beste Version von dir verdient! F\u00fcr alle, die mit guten Vors\u00e4tzen ins neue Jahr starten wollen [&hellip;]","_links":{"self":[{"href":"https:\/\/krv-wesermarsch.de\/wordpress\/wp-json\/wp\/v2\/pages\/2885","targetHints":{"allow":["GET"]}}],"collection":[{"href":"https:\/\/krv-wesermarsch.de\/wordpress\/wp-json\/wp\/v2\/pages"}],"about":[{"href":"https:\/\/krv-wesermarsch.de\/wordpress\/wp-json\/wp\/v2\/types\/page"}],"author":[{"embeddable":true,"href":"https:\/\/krv-wesermarsch.de\/wordpress\/wp-json\/wp\/v2\/users\/3"}],"replies":[{"embeddable":true,"href":"https:\/\/krv-wesermarsch.de\/wordpress\/wp-json\/wp\/v2\/comments?post=2885"}],"version-history":[{"count":3,"href":"https:\/\/krv-wesermarsch.de\/wordpress\/wp-json\/wp\/v2\/pages\/2885\/revisions"}],"predecessor-version":[{"id":2915,"href":"https:\/\/krv-wesermarsch.de\/wordpress\/wp-json\/wp\/v2\/pages\/2885\/revisions\/2915"}],"wp:attachment":[{"href":"https:\/\/krv-wesermarsch.de\/wordpress\/wp-json\/wp\/v2\/media?parent=2885"}],"curies":[{"name":"wp","href":"https:\/\/api.w.org\/{rel}","templated":true}]}}