{"id":2845,"date":"2025-10-19T20:07:46","date_gmt":"2025-10-19T18:07:46","guid":{"rendered":"https:\/\/krv-wesermarsch.de\/wordpress\/?page_id=2845"},"modified":"2025-12-22T21:13:58","modified_gmt":"2025-12-22T20:13:58","slug":"schnuppertraining-mounted-games","status":"publish","type":"page","link":"https:\/\/krv-wesermarsch.de\/wordpress\/schnuppertraining-mounted-games\/","title":{"rendered":"Schnuppertraining Mounted Games"},"content":{"rendered":"\n<p>Mounted Games sind rasante Spiele zu Pferde, bei denen Schnelligkeit, Geschicklichkeit und Teamgeist im Mittelpunkt stehen. \u00c4hnlich wie bei den Ponyspielen treten die Teams oder Einzelspieler in verschiedenen Spielen gegeneinander an.  Geritten wird dabei mit Sattel. <\/p>\n\n\n\n<p>Am 23.11.2025 und 14.12.2025 bietet Friederike von Waaden (Nationaltrainerin der U12 Mannschaft) ein Schnuppertraining f\u00fcr alle an, die Mounted Games auf ihren eigenen Ponys\/Pferden ausprobieren m\u00f6chten. Das Training findet auf der Anlage des Jader RC statt. Die Kosten betragen 10 \u20ac pro Training. Reiter, die in keinem Verein des KPSV Wesermarsch Mitglied sind, k\u00f6nnen nachr\u00fccken und zahlen zus\u00e4tzlich 10 \u20ac pro Trainingseinheit.<\/p>\n\n\n\n<p>Zuschauer sind nat\u00fcrlich herzlich willkommen! Die genauen Uhrzeiten werden noch bekannt gegeben.<\/p>\n\n\n\n<p>R\u00fcckfragen gerne per E-Mail: <a href=\"mailto:lehrgaenge@kpsv-wesermarsch.de\" target=\"_blank\" rel=\"noreferrer noopener\">lehrgaenge@kpsv-wesermarsch.de<\/a><\/p>\n\n\n\n<p><strong>Verbindlicher Anmeldeschluss ist jeweils eine Woche vor dem Training<\/strong>.<\/p>\n","protected":false},"excerpt":{"rendered":"<p>Mounted Games sind rasante Spiele zu Pferde, bei denen Schnelligkeit, Geschicklichkeit und Teamgeist im Mittelpunkt stehen. \u00c4hnlich wie bei den [&hellip;]<\/p>\n","protected":false},"author":3,"featured_media":0,"parent":0,"menu_order":0,"comment_status":"closed","ping_status":"closed","template":"","meta":{"_uag_custom_page_level_css":"","site-sidebar-layout":"default","site-content-layout":"","ast-site-content-layout":"default","site-content-style":"default","site-sidebar-style":"default","ast-global-header-display":"","ast-banner-title-visibility":"","ast-main-header-display":"","ast-hfb-above-header-display":"","ast-hfb-below-header-display":"","ast-hfb-mobile-header-display":"","site-post-title":"","ast-breadcrumbs-content":"","ast-featured-img":"","footer-sml-layout":"","theme-transparent-header-meta":"","adv-header-id-meta":"","stick-header-meta":"","header-above-stick-meta":"","header-main-stick-meta":"","header-below-stick-meta":"","astra-migrate-meta-layouts":"default","ast-page-background-enabled":"default","ast-page-background-meta":{"desktop":{"background-color":"var(--ast-global-color-5)","background-image":"","background-repeat":"repeat","background-position":"center center","background-size":"auto","background-attachment":"scroll","background-type":"","background-media":"","overlay-type":"","overlay-color":"","overlay-opacity":"","overlay-gradient":""},"tablet":{"background-color":"","background-image":"","background-repeat":"repeat","background-position":"center center","background-size":"auto","background-attachment":"scroll","background-type":"","background-media":"","overlay-type":"","overlay-color":"","overlay-opacity":"","overlay-gradient":""},"mobile":{"background-color":"","background-image":"","background-repeat":"repeat","background-position":"center center","background-size":"auto","background-attachment":"scroll","background-type":"","background-media":"","overlay-type":"","overlay-color":"","overlay-opacity":"","overlay-gradient":""}},"ast-content-background-meta":{"desktop":{"background-color":"var(--ast-global-color-4)","background-image":"","background-repeat":"repeat","background-position":"center center","background-size":"auto","background-attachment":"scroll","background-type":"","background-media":"","overlay-type":"","overlay-color":"","overlay-opacity":"","overlay-gradient":""},"tablet":{"background-color":"var(--ast-global-color-4)","background-image":"","background-repeat":"repeat","background-position":"center center","background-size":"auto","background-attachment":"scroll","background-type":"","background-media":"","overlay-type":"","overlay-color":"","overlay-opacity":"","overlay-gradient":""},"mobile":{"background-color":"var(--ast-global-color-4)","background-image":"","background-repeat":"repeat","background-position":"center center","background-size":"auto","background-attachment":"scroll","background-type":"","background-media":"","overlay-type":"","overlay-color":"","overlay-opacity":"","overlay-gradient":""}},"footnotes":""},"class_list":["post-2845","page","type-page","status-publish","hentry"],"uagb_featured_image_src":{"full":false,"thumbnail":false,"medium":false,"medium_large":false,"large":false,"1536x1536":false,"2048x2048":false},"uagb_author_info":{"display_name":"Lyn Goltz","author_link":"https:\/\/krv-wesermarsch.de\/wordpress\/author\/lyngoltz\/"},"uagb_comment_info":0,"uagb_excerpt":"Mounted Games sind rasante Spiele zu Pferde, bei denen Schnelligkeit, Geschicklichkeit und Teamgeist im Mittelpunkt stehen. \u00c4hnlich wie bei den [&hellip;]","_links":{"self":[{"href":"https:\/\/krv-wesermarsch.de\/wordpress\/wp-json\/wp\/v2\/pages\/2845","targetHints":{"allow":["GET"]}}],"collection":[{"href":"https:\/\/krv-wesermarsch.de\/wordpress\/wp-json\/wp\/v2\/pages"}],"about":[{"href":"https:\/\/krv-wesermarsch.de\/wordpress\/wp-json\/wp\/v2\/types\/page"}],"author":[{"embeddable":true,"href":"https:\/\/krv-wesermarsch.de\/wordpress\/wp-json\/wp\/v2\/users\/3"}],"replies":[{"embeddable":true,"href":"https:\/\/krv-wesermarsch.de\/wordpress\/wp-json\/wp\/v2\/comments?post=2845"}],"version-history":[{"count":6,"href":"https:\/\/krv-wesermarsch.de\/wordpress\/wp-json\/wp\/v2\/pages\/2845\/revisions"}],"predecessor-version":[{"id":2861,"href":"https:\/\/krv-wesermarsch.de\/wordpress\/wp-json\/wp\/v2\/pages\/2845\/revisions\/2861"}],"wp:attachment":[{"href":"https:\/\/krv-wesermarsch.de\/wordpress\/wp-json\/wp\/v2\/media?parent=2845"}],"curies":[{"name":"wp","href":"https:\/\/api.w.org\/{rel}","templated":true}]}}