{"id":2810,"date":"2025-10-05T13:25:16","date_gmt":"2025-10-05T11:25:16","guid":{"rendered":"https:\/\/krv-wesermarsch.de\/wordpress\/?page_id=2810"},"modified":"2025-10-13T06:14:53","modified_gmt":"2025-10-13T04:14:53","slug":"einsteiger-training-dressur-springen-vielseitigkeit","status":"publish","type":"page","link":"https:\/\/krv-wesermarsch.de\/wordpress\/einsteiger-training-dressur-springen-vielseitigkeit\/","title":{"rendered":"Einsteiger-Training Dressur, Springen, Vielseitigkeit"},"content":{"rendered":"\n<p>Das Trainingsangebot richtet sich an alle Reiter, die im n\u00e4chsten Jahr in die erste Turniersaision starten wollen oder einfach mal in eine andere Sparte reinschnuppern wollen.<\/p>\n\n\n\n<h3 class=\"wp-block-heading\">Dressur &#8211; Vom Reiter-WB zur einfachen Aufgabe<\/h3>\n\n\n\n<p>Das Trainingsangebot richtet sich an alle Reiter, die im Winter am Sprung vom Reiterwettbewerb zum Reiten einer einfachen Dressuraufgabe in der Abteilung f\u00fcr einen Dresurreiter-WB, Dressur-WB oder E-Dressur arbeiten m\u00f6chten. Ziel ist die Erarbeitung des Reitens einer einfachen Dressuraufgabe bzw. das Reiten des Pferdes ohne Ausbindez\u00fcgel.<\/p>\n\n\n\n<p>Der Lehrgang findet an insgesamt vier Terminen von November 2025 bis M\u00e4rz 2026 in unterschiedlichen Vereinen in der Wesermarsch bei Friederike von Waaden und Lene Brandt statt. W\u00fcnschenswert, aber nicht erforderlich, ist die Teilnahme an allen oder m\u00f6glichst vielen Terminen. Geritten wird jeweils 45 Minuten zu zweit oder zu dritt.<\/p>\n\n\n\n<h3 class=\"wp-block-heading\">Springen &#8211; Vom leichten Sitz zum kleinen Parcours<\/h3>\n\n\n\n<p>Dieses Trainingsangebot richtet sich an alle Reiter, die frei (ohne Longe) und ohne Ausbindez\u00fcgel in allen drei Grundgangarten reiten k\u00f6nnen, aber bisher keine Erfahrung im Springen gesammelt haben. Es wird mit Stangenarbeit begonnen, Ziel ist am Ende des Winters einen kleinen Parcours (Springreiter-WB) absolvieren zu k\u00f6nnen.<\/p>\n\n\n\n<p>Der Lehrgang findet an insgesamt vier Terminen von November 2025 bis M\u00e4rz 2026 in unterschiedlichen Vereinen in der Wesermarsch bei Alke J\u00fcchter, Ann-Kathrin Schmidt und Anne Kruse statt. W\u00fcnschenswert, aber nicht erforderlich, ist die Teilnahme an allen oder m\u00f6glichst vielen Terminen. Geritten wird jeweils 45 Minuten zu zweit oder dritt.<\/p>\n\n\n\n<h3 class=\"wp-block-heading\">Vielseitigkeit &#8211; Vom ersten Galopptraining zu festen Hindernissen<\/h3>\n\n\n\n<p>Das Trainingsangebot richtet sich an alle Reiter, die in die Vielseitigskeitsreiterei rein schnuppern m\u00f6chten. Es wird mit Galopparbeit und ersten kleinen Spr\u00fcngen begonnen. Abschlie\u00dfen wollen wir das Angebot auf einem Gel\u00e4ndeplatz mit festen Hindernissen. Es wird individuell auf die einzelnen Reiter eingegangen. Voraussetzung ist das freie Reiten (ohne Longe) ohne Ausbindez\u00fcgel in allen drei Grundgangarten, es sollte mit einem Springsattel geritten werden. Eine Sicherheitsweste ist Pflicht, wer keine eigene hat, kann sich beim Trainer eine ausleihen.<\/p>\n\n\n\n<p>Der Lehrgang findet an insgesamt vier Terminen von November 2025 bis M\u00e4rz\/April 2026 bei Anne Kruse und Mairin Buch statt:<\/p>\n\n\n\n<ul class=\"wp-block-list\">\n<li>09.11.2025, Ovelg\u00f6nne bei Anne Kruse: Galopptraining und erste feste Hindernisse bis max. 40 cm<\/li>\n\n\n\n<li>30.11.2025, Nordenham bei Anne Kruse: Reiten \u00fcber feste Hindernisse bis max. 60 cm <\/li>\n\n\n\n<li>24.\/25.01.2026, Berne bei Mairin Buch: Reiten \u00fcber feste Hindernisse im Rahmen des Hallengel\u00e4ndes<\/li>\n\n\n\n<li>M\u00e4rz\/April 2026, evtl. Ganderkesee oder Westerstede bei Mairin Buch: Reiten im Gel\u00e4nde \u00fcber feste Hindernisse<\/li>\n<\/ul>\n\n\n\n<p>Die Trainingseinheiten dauern jeweils ca. 1 Stunde mit drei bis vier Reitern. Voraussetzung f\u00fcr die Teilnahme an den letzten beiden Trainingeinheiten ist die Teilnahme an einem der ersten beiden. Bei den letzen beiden Trainingseinheiten kommt ggf. ein zus\u00e4tzlicher Beitrag f\u00fcr die Nutzung der Gel\u00e4ndehindernisse zu den Kosten f\u00fcr die Trainingseinheit dazu.<\/p>\n\n\n\n<h3 class=\"wp-block-heading\">Allgemeine Hinweise<\/h3>\n\n\n\n<p>Die Kosten f\u00fcr jede Trainingseinheit betragen 20 \u20ac f\u00fcr Reiter, die Stammmitglied in einem der dem KPSV Wesermarsch angeschlossenen Vereine sind. Bei Teilnahme an mindestens drei der vier Termine erhalten Reiter, die im Jahr 2026 maximal 16 alt sind eine F\u00f6rderung von 5 \u20ac pro teilgenommenen Training vom Kreispferdesportverband (maximal 20 \u20ac).<\/p>\n\n\n\n<p>Da die Anzahl der Teilnehmer begrenzt ist, werden diejenigen bevorzugt, die bisher noch keine Turniere geritten sind. Die Pl\u00e4tze werden ansonsten nach Alter des Reiters und Reihenfolge der Anmeldung besetzt. Meldet euch gerne an, wir versuchen m\u00f6glichst viele Reiter unterzubringen! Reiter, die in keinem Verein des KPSV Wesermarsch Mitglied sind, k\u00f6nnen grunds\u00e4tzlich nur nachr\u00fccken und zahlen zus\u00e4tzlich 10 \u20ac pro Trainingseinheit.<\/p>\n\n\n\n<p>Zuschauer sind nat\u00fcrlich herzlich willkommen! Die genauen Uhrzeiten werden noch bekannt gegeben.<\/p>\n\n\n\n<p>R\u00fcckfragen gerne per E-Mail: <a href=\"mailto:lehrgaenge@kpsv-wesermarsch.de\" target=\"_blank\" rel=\"noreferrer noopener\">lehrgaenge@kpsv-wesermarsch.de<\/a><\/p>\n\n\n\n<h3 class=\"wp-block-heading\">Anmeldung<\/h3>\n\n\n\n<p>Vor dem ersten Training werden wir eine WhatsApp-Gruppe mit allen Teilnehmern einrichten, die weiteren Anmeldungen k\u00f6nnen dann \u00fcber die Gruppe erfolgen.<\/p>\n\n\n\n<p><strong>Verbindlicher Anmeldeschluss ist jeweils eine Woche vor dem Training<\/strong>.<\/p>\n\n\n\n<div class=\"wpcf7 no-js\" id=\"wpcf7-f2828-o1\" lang=\"de-DE\" dir=\"ltr\" data-wpcf7-id=\"2828\">\n<div class=\"screen-reader-response\"><p role=\"status\" aria-live=\"polite\" aria-atomic=\"true\"><\/p> <ul><\/ul><\/div>\n<form action=\"\/wordpress\/wp-json\/wp\/v2\/pages\/2810#wpcf7-f2828-o1\" method=\"post\" class=\"wpcf7-form init\" aria-label=\"Kontaktformular\" novalidate=\"novalidate\" data-status=\"init\">\n<fieldset class=\"hidden-fields-container\"><input type=\"hidden\" name=\"_wpcf7\" value=\"2828\" \/><input type=\"hidden\" name=\"_wpcf7_version\" value=\"6.1.4\" \/><input type=\"hidden\" name=\"_wpcf7_locale\" value=\"de_DE\" \/><input type=\"hidden\" name=\"_wpcf7_unit_tag\" value=\"wpcf7-f2828-o1\" \/><input type=\"hidden\" name=\"_wpcf7_container_post\" value=\"0\" \/><input type=\"hidden\" name=\"_wpcf7_posted_data_hash\" value=\"\" \/>\n<\/fieldset>\n<p><label class=\"h3\">Anmeldung zum Einsteiger-Training im Winter 2025\/2026<\/label>\n<\/p>\n<p><label> Vor- und Nachname (Pflichtfeld)<br \/>\n<span class=\"wpcf7-form-control-wrap\" data-name=\"teilnehmer\"><input size=\"40\" maxlength=\"400\" class=\"wpcf7-form-control wpcf7-text wpcf7-validates-as-required\" aria-required=\"true\" aria-invalid=\"false\" value=\"\" type=\"text\" name=\"teilnehmer\" \/><\/span> <\/label>\n<\/p>\n<p><label> E-Mail-Adresse (Pflichtfeld)<br \/>\n<span class=\"wpcf7-form-control-wrap\" data-name=\"email\"><input size=\"40\" maxlength=\"400\" class=\"wpcf7-form-control wpcf7-email wpcf7-validates-as-required wpcf7-text wpcf7-validates-as-email\" aria-required=\"true\" aria-invalid=\"false\" value=\"\" type=\"email\" name=\"email\" \/><\/span> <\/label>\n<\/p>\n<p><label> Mobiltelefon (WhatsApp)<br \/>\n<span class=\"wpcf7-form-control-wrap\" data-name=\"mobilnr\"><input size=\"40\" maxlength=\"400\" class=\"wpcf7-form-control wpcf7-text\" aria-invalid=\"false\" value=\"\" type=\"text\" name=\"mobilnr\" \/><\/span> <\/label>\n<\/p>\n<p><label> Verein (Pflichtfeld)<br \/>\n<span class=\"wpcf7-form-control-wrap\" data-name=\"verein\"><select class=\"wpcf7-form-control wpcf7-select wpcf7-validates-as-required\" aria-required=\"true\" aria-invalid=\"false\" name=\"verein\"><option value=\"Stedinger RUFV Sturmvogel Berne\">Stedinger RUFV Sturmvogel Berne<\/option><option value=\"RV Bettingb\u00fchren e.V.\">RV Bettingb\u00fchren e.V.<\/option><option value=\"Butjenter Pferdefreunde e.V.\">Butjenter Pferdefreunde e.V.<\/option><option value=\"Jader RC e.V.\">Jader RC e.V.<\/option><option value=\"Moorriemer RC e.V.\">Moorriemer RC e.V.<\/option><option value=\"Nordenhamer RC e.V.\">Nordenhamer RC e.V.<\/option><option value=\"RV Ovelg\u00f6nne von 1908 e.V.\">RV Ovelg\u00f6nne von 1908 e.V.<\/option><option value=\"RUFV Rodenkirchen\">RUFV Rodenkirchen<\/option><option value=\"Butjadinger RV. Stollhamm\">Butjadinger RV. Stollhamm<\/option><option value=\"RUFV Nordbutjadingen e.V. Tossens\">RUFV Nordbutjadingen e.V. Tossens<\/option><option value=\"TG Weser-West e.V.\">TG Weser-West e.V.<\/option><option value=\"TG Zucht und Sport Lemwerder\">TG Zucht und Sport Lemwerder<\/option><option value=\"Kein Verein aus der Wesermarsch\">Kein Verein aus der Wesermarsch<\/option><\/select><\/span> <\/label>\n<\/p>\n<p><label> Geburtsjahr Teilnehmer (Pflichtfeld)<br \/>\n<span class=\"wpcf7-form-control-wrap\" data-name=\"geburtsjahr\"><input size=\"40\" maxlength=\"400\" class=\"wpcf7-form-control wpcf7-text wpcf7-validates-as-required\" aria-required=\"true\" aria-invalid=\"false\" value=\"\" type=\"text\" name=\"geburtsjahr\" \/><\/span> <\/label>\n<\/p>\n<p><label>Leistungsstand (Pflichtfeld)<\/label><br \/>\n<span class=\"wpcf7-form-control-wrap\" data-name=\"leistungsstand\"><span class=\"wpcf7-form-control wpcf7-radio\"><span class=\"wpcf7-list-item first\"><input type=\"radio\" name=\"leistungsstand\" value=\"Ich kann selbstst\u00e4ndig in allen Grundgangarten reiten, bin aber noch nicht auf dem Turnier geritten.\" checked=\"checked\" \/><span class=\"wpcf7-list-item-label\">Ich kann selbstst\u00e4ndig in allen Grundgangarten reiten, bin aber noch nicht auf dem Turnier geritten.<\/span><\/span><span class=\"wpcf7-list-item\"><input type=\"radio\" name=\"leistungsstand\" value=\"Ich habe bereits an gef\u00fchrten Wettbewerben teilgenommen.\" \/><span class=\"wpcf7-list-item-label\">Ich habe bereits an gef\u00fchrten Wettbewerben teilgenommen.<\/span><\/span><span class=\"wpcf7-list-item last\"><input type=\"radio\" name=\"leistungsstand\" value=\"Ich bin bereits auf Turnier geritten.\" \/><span class=\"wpcf7-list-item-label\">Ich bin bereits auf Turnier geritten.<\/span><\/span><\/span><\/span>\n<\/p>\n<p><label>Termine Dressur<\/label><br \/>\n<span class=\"wpcf7-form-control-wrap\" data-name=\"termine-dr\"><span class=\"wpcf7-form-control wpcf7-checkbox\"><span class=\"wpcf7-list-item first\"><input type=\"checkbox\" name=\"termine-dr[]\" value=\"Sa 22.11.2025 vormittags, Friederike von Waaden, Rodenkirchen\" \/><span class=\"wpcf7-list-item-label\">Sa 22.11.2025 vormittags, Friederike von Waaden, Rodenkirchen<\/span><\/span><span class=\"wpcf7-list-item\"><input type=\"checkbox\" name=\"termine-dr[]\" value=\"Sa  24.01.2026 nachmittags, Lene Brandt, Nordenham\" \/><span class=\"wpcf7-list-item-label\">Sa  24.01.2026 nachmittags, Lene Brandt, Nordenham<\/span><\/span><span class=\"wpcf7-list-item\"><input type=\"checkbox\" name=\"termine-dr[]\" value=\"Sa 21.02.2026 vormittags, Friederike von Waaden, Lemwerder Gest\u00fct Sosath\" \/><span class=\"wpcf7-list-item-label\">Sa 21.02.2026 vormittags, Friederike von Waaden, Lemwerder Gest\u00fct Sosath<\/span><\/span><span class=\"wpcf7-list-item last\"><input type=\"checkbox\" name=\"termine-dr[]\" value=\"Sa 07.03.2026 nachmittags, Lene Brandt, Nordenham\" \/><span class=\"wpcf7-list-item-label\">Sa 07.03.2026 nachmittags, Lene Brandt, Nordenham<\/span><\/span><\/span><\/span>\n<\/p>\n<p><label>Termine Springen<\/label><br \/>\n<span class=\"wpcf7-form-control-wrap\" data-name=\"termine-sp\"><span class=\"wpcf7-form-control wpcf7-checkbox\"><span class=\"wpcf7-list-item first\"><input type=\"checkbox\" name=\"termine-sp[]\" value=\"So 16.11.2025 vormittags, Ann-Kathrin Schmidt, Bettingb\u00fchren\" \/><span class=\"wpcf7-list-item-label\">So 16.11.2025 vormittags, Ann-Kathrin Schmidt, Bettingb\u00fchren<\/span><\/span><span class=\"wpcf7-list-item\"><input type=\"checkbox\" name=\"termine-sp[]\" value=\"Sa 17.01.2026 vormittags, Ann-Kathin Schmidt, Bettingb\u00fchren\" \/><span class=\"wpcf7-list-item-label\">Sa 17.01.2026 vormittags, Ann-Kathin Schmidt, Bettingb\u00fchren<\/span><\/span><span class=\"wpcf7-list-item\"><input type=\"checkbox\" name=\"termine-sp[]\" value=\"So 15.02.2026 vormittags, Alke J\u00fcchter, Berne\" \/><span class=\"wpcf7-list-item-label\">So 15.02.2026 vormittags, Alke J\u00fcchter, Berne<\/span><\/span><span class=\"wpcf7-list-item last\"><input type=\"checkbox\" name=\"termine-sp[]\" value=\"So 15.03.2026 vormittags, Alke J\u00fcchter, Berne\" \/><span class=\"wpcf7-list-item-label\">So 15.03.2026 vormittags, Alke J\u00fcchter, Berne<\/span><\/span><\/span><\/span>\n<\/p>\n<p><label>Termine Vielseitigkeit<\/label><br \/>\n<span class=\"wpcf7-form-control-wrap\" data-name=\"termine-vs\"><span class=\"wpcf7-form-control wpcf7-checkbox\"><span class=\"wpcf7-list-item first\"><input type=\"checkbox\" name=\"termine-vs[]\" value=\"So 09.11.2025 nachmittags, Anne Kruse, Ovelg\u00f6nne\" \/><span class=\"wpcf7-list-item-label\">So 09.11.2025 nachmittags, Anne Kruse, Ovelg\u00f6nne<\/span><\/span><span class=\"wpcf7-list-item last\"><input type=\"checkbox\" name=\"termine-vs[]\" value=\"So 30.11.2025 nachmittags, Anne Kruse, Nordenham\" \/><span class=\"wpcf7-list-item-label\">So 30.11.2025 nachmittags, Anne Kruse, Nordenham<\/span><\/span><\/span><\/span><br \/>\nDie Anmeldung zu den Terminen am 24.\/25.01.2026 und im M\u00e4rz\/April 2026 erfolgt gesondert.\n<\/p>\n<p><label>Hinweise an den Veranstalter<\/label><br \/>\n<span class=\"wpcf7-form-control-wrap\" data-name=\"hinweis\"><textarea cols=\"40\" rows=\"10\" maxlength=\"2000\" class=\"wpcf7-form-control wpcf7-textarea\" aria-invalid=\"false\" name=\"hinweis\"><\/textarea><\/span>\n<\/p>\n<p>Anmeldeschluss ist jeweils eine Woche vor dem Termin (einmalige Anmeldung per Formular ist ausreichend, anschlie\u00dfend kann die Anmeldung direkt \u00fcber den Organisator erfolgen).\n<\/p>\n<p><span class=\"wpcf7-form-control-wrap\" data-name=\"datenschutz\"><span class=\"wpcf7-form-control wpcf7-acceptance\"><span class=\"wpcf7-list-item\"><label><input type=\"checkbox\" name=\"datenschutz\" value=\"1\" aria-invalid=\"false\" \/><span class=\"wpcf7-list-item-label\">Ich stimme zu, dass meine Angaben aus dem Formular f\u00fcr die Organisation des Trainings erhoben und verarbeitet werden. Detaillierte Informationen zum Umgang mit Nutzerdaten finden Sie in unserer <a href=\"http:\/\/kpsv-wesermarsch.de\/wordpress\/datenschutzerklaerung\" target=\"_blank\">Datenschutzerkl\u00e4rung<\/a>.<\/span><\/label><\/span><\/span><\/span>\n<\/p>\n<p><span id=\"wpcf7-69e77ec5c863b-wrapper\" class=\"wpcf7-form-control-wrap honeypot-et2025-1-wrap\" style=\"display:none !important; visibility:hidden !important;\"><label for=\"wpcf7-69e77ec5c863b-field\" class=\"hp-message\">Bitte lasse dieses Feld leer.<\/label><input id=\"wpcf7-69e77ec5c863b-field\"  class=\"wpcf7-form-control wpcf7-text\" type=\"text\" name=\"honeypot-et2025-1\" value=\"\" size=\"40\" tabindex=\"-1\" autocomplete=\"new-password\" \/><\/span><br \/>\n<span id=\"wpcf7-69e77ec5c868f-wrapper\" class=\"wpcf7-form-control-wrap honeypot-et2025-2-wrap\" style=\"display:none !important; visibility:hidden !important;\"><label for=\"wpcf7-69e77ec5c868f-field\" class=\"hp-message\">Bitte lasse dieses Feld leer.<\/label><input id=\"wpcf7-69e77ec5c868f-field\"  class=\"wpcf7-form-control wpcf7-text\" type=\"text\" name=\"honeypot-et2025-2\" value=\"\" size=\"40\" tabindex=\"-1\" autocomplete=\"new-password\" \/><\/span>\n<\/p>\n<p><input class=\"wpcf7-form-control wpcf7-submit has-spinner\" type=\"submit\" value=\"Anmeldung abschicken\" \/>\n<\/p><p style=\"display: none !important;\" class=\"akismet-fields-container\" data-prefix=\"_wpcf7_ak_\"><label>&#916;<textarea name=\"_wpcf7_ak_hp_textarea\" cols=\"45\" rows=\"8\" maxlength=\"100\"><\/textarea><\/label><input type=\"hidden\" id=\"ak_js_1\" name=\"_wpcf7_ak_js\" value=\"87\"\/><script>document.getElementById( \"ak_js_1\" ).setAttribute( \"value\", ( new Date() ).getTime() );<\/script><\/p><div class=\"wpcf7-response-output\" aria-hidden=\"true\"><\/div>\n<\/form>\n<\/div>\n\n\n\n\n<p><\/p>\n","protected":false},"excerpt":{"rendered":"<p>Das Trainingsangebot richtet sich an alle Reiter, die im n\u00e4chsten Jahr in die erste Turniersaision starten wollen oder einfach mal [&hellip;]<\/p>\n","protected":false},"author":3,"featured_media":0,"parent":0,"menu_order":0,"comment_status":"closed","ping_status":"closed","template":"","meta":{"_uag_custom_page_level_css":"","site-sidebar-layout":"default","site-content-layout":"","ast-site-content-layout":"default","site-content-style":"default","site-sidebar-style":"default","ast-global-header-display":"","ast-banner-title-visibility":"","ast-main-header-display":"","ast-hfb-above-header-display":"","ast-hfb-below-header-display":"","ast-hfb-mobile-header-display":"","site-post-title":"","ast-breadcrumbs-content":"","ast-featured-img":"","footer-sml-layout":"","theme-transparent-header-meta":"","adv-header-id-meta":"","stick-header-meta":"","header-above-stick-meta":"","header-main-stick-meta":"","header-below-stick-meta":"","astra-migrate-meta-layouts":"default","ast-page-background-enabled":"default","ast-page-background-meta":{"desktop":{"background-color":"var(--ast-global-color-5)","background-image":"","background-repeat":"repeat","background-position":"center center","background-size":"auto","background-attachment":"scroll","background-type":"","background-media":"","overlay-type":"","overlay-color":"","overlay-opacity":"","overlay-gradient":""},"tablet":{"background-color":"","background-image":"","background-repeat":"repeat","background-position":"center center","background-size":"auto","background-attachment":"scroll","background-type":"","background-media":"","overlay-type":"","overlay-color":"","overlay-opacity":"","overlay-gradient":""},"mobile":{"background-color":"","background-image":"","background-repeat":"repeat","background-position":"center center","background-size":"auto","background-attachment":"scroll","background-type":"","background-media":"","overlay-type":"","overlay-color":"","overlay-opacity":"","overlay-gradient":""}},"ast-content-background-meta":{"desktop":{"background-color":"var(--ast-global-color-4)","background-image":"","background-repeat":"repeat","background-position":"center center","background-size":"auto","background-attachment":"scroll","background-type":"","background-media":"","overlay-type":"","overlay-color":"","overlay-opacity":"","overlay-gradient":""},"tablet":{"background-color":"var(--ast-global-color-4)","background-image":"","background-repeat":"repeat","background-position":"center center","background-size":"auto","background-attachment":"scroll","background-type":"","background-media":"","overlay-type":"","overlay-color":"","overlay-opacity":"","overlay-gradient":""},"mobile":{"background-color":"var(--ast-global-color-4)","background-image":"","background-repeat":"repeat","background-position":"center center","background-size":"auto","background-attachment":"scroll","background-type":"","background-media":"","overlay-type":"","overlay-color":"","overlay-opacity":"","overlay-gradient":""}},"footnotes":""},"class_list":["post-2810","page","type-page","status-publish","hentry"],"uagb_featured_image_src":{"full":false,"thumbnail":false,"medium":false,"medium_large":false,"large":false,"1536x1536":false,"2048x2048":false},"uagb_author_info":{"display_name":"Lyn Goltz","author_link":"https:\/\/krv-wesermarsch.de\/wordpress\/author\/lyngoltz\/"},"uagb_comment_info":0,"uagb_excerpt":"Das Trainingsangebot richtet sich an alle Reiter, die im n\u00e4chsten Jahr in die erste Turniersaision starten wollen oder einfach mal [&hellip;]","_links":{"self":[{"href":"https:\/\/krv-wesermarsch.de\/wordpress\/wp-json\/wp\/v2\/pages\/2810","targetHints":{"allow":["GET"]}}],"collection":[{"href":"https:\/\/krv-wesermarsch.de\/wordpress\/wp-json\/wp\/v2\/pages"}],"about":[{"href":"https:\/\/krv-wesermarsch.de\/wordpress\/wp-json\/wp\/v2\/types\/page"}],"author":[{"embeddable":true,"href":"https:\/\/krv-wesermarsch.de\/wordpress\/wp-json\/wp\/v2\/users\/3"}],"replies":[{"embeddable":true,"href":"https:\/\/krv-wesermarsch.de\/wordpress\/wp-json\/wp\/v2\/comments?post=2810"}],"version-history":[{"count":17,"href":"https:\/\/krv-wesermarsch.de\/wordpress\/wp-json\/wp\/v2\/pages\/2810\/revisions"}],"predecessor-version":[{"id":2846,"href":"https:\/\/krv-wesermarsch.de\/wordpress\/wp-json\/wp\/v2\/pages\/2810\/revisions\/2846"}],"wp:attachment":[{"href":"https:\/\/krv-wesermarsch.de\/wordpress\/wp-json\/wp\/v2\/media?parent=2810"}],"curies":[{"name":"wp","href":"https:\/\/api.w.org\/{rel}","templated":true}]}}