{"id":2392,"date":"2024-01-04T11:33:58","date_gmt":"2024-01-04T10:33:58","guid":{"rendered":"https:\/\/krv-wesermarsch.de\/wordpress\/?page_id=2392"},"modified":"2024-12-29T11:22:34","modified_gmt":"2024-12-29T10:22:34","slug":"kreismeisterschaft-2024","status":"publish","type":"page","link":"https:\/\/krv-wesermarsch.de\/wordpress\/kreismeisterschaft-2024\/","title":{"rendered":"Kreismeisterschaft 2024"},"content":{"rendered":"\n<p>In diesem Jahr konnten folgende Reiter\/Mannschaften den Kreismeistertitel gewinnen:<\/p>\n\n\n\n<h3 class=\"wp-block-heading\">Gro\u00dfe Tour Dressur (L)<\/h3>\n\n\n\n<div class=\"wp-block-media-text is-stacked-on-mobile\"><figure class=\"wp-block-media-text__media\"><img loading=\"lazy\" decoding=\"async\" width=\"1024\" height=\"772\" src=\"https:\/\/krv-wesermarsch.de\/wordpress\/wp-content\/uploads\/2024\/12\/Gr-Dressurtour_2024-1024x772.jpg\" alt=\"\" class=\"wp-image-2600 size-full\" srcset=\"https:\/\/kpsv-wesermarsch.de\/wordpress\/wp-content\/uploads\/2024\/12\/Gr-Dressurtour_2024-1024x772.jpg 1024w, https:\/\/kpsv-wesermarsch.de\/wordpress\/wp-content\/uploads\/2024\/12\/Gr-Dressurtour_2024-300x226.jpg 300w, https:\/\/kpsv-wesermarsch.de\/wordpress\/wp-content\/uploads\/2024\/12\/Gr-Dressurtour_2024-768x579.jpg 768w, https:\/\/kpsv-wesermarsch.de\/wordpress\/wp-content\/uploads\/2024\/12\/Gr-Dressurtour_2024.jpg 1080w\" sizes=\"auto, (max-width: 1024px) 100vw, 1024px\" \/><\/figure><div class=\"wp-block-media-text__content\">\n<p>\ud83e\udd47 Christin de Groot &#8211; Dancing Dynamit<br>\ud83e\udd48 Marla Janne Schnelle &#8211; Sissima S<br>\ud83e\udd49 Pia Sophie Halle &#8211; Bravour<\/p>\n\n\n\n<p><\/p>\n<\/div><\/div>\n\n\n\n<h3 class=\"wp-block-heading\">Kleine Tour Dressur (A)<\/h3>\n\n\n\n<div class=\"wp-block-media-text is-stacked-on-mobile\"><figure class=\"wp-block-media-text__media\"><img loading=\"lazy\" decoding=\"async\" width=\"1024\" height=\"764\" src=\"https:\/\/krv-wesermarsch.de\/wordpress\/wp-content\/uploads\/2024\/12\/Kl.Dressurtour_2024-1-1024x764.jpg\" alt=\"\" class=\"wp-image-2610 size-full\" srcset=\"https:\/\/kpsv-wesermarsch.de\/wordpress\/wp-content\/uploads\/2024\/12\/Kl.Dressurtour_2024-1-1024x764.jpg 1024w, https:\/\/kpsv-wesermarsch.de\/wordpress\/wp-content\/uploads\/2024\/12\/Kl.Dressurtour_2024-1-300x224.jpg 300w, https:\/\/kpsv-wesermarsch.de\/wordpress\/wp-content\/uploads\/2024\/12\/Kl.Dressurtour_2024-1-768x573.jpg 768w, https:\/\/kpsv-wesermarsch.de\/wordpress\/wp-content\/uploads\/2024\/12\/Kl.Dressurtour_2024-1-1200x895.jpg 1200w, https:\/\/kpsv-wesermarsch.de\/wordpress\/wp-content\/uploads\/2024\/12\/Kl.Dressurtour_2024-1.jpg 1536w\" sizes=\"auto, (max-width: 1024px) 100vw, 1024px\" \/><\/figure><div class=\"wp-block-media-text__content\">\n<p>\ud83e\udd47Ida L\u00fcbbers &#8211; Total Hashtag T<br>\ud83e\udd48Kim Dana Wache &#8211; Hermann<br>\ud83e\udd49 Femke Johanna Korpis &#8211; Felix Felicis<\/p>\n\n\n\n<p><\/p>\n<\/div><\/div>\n\n\n\n<h3 class=\"wp-block-heading\">Dressurmannschaft Kl. A<\/h3>\n\n\n\n<div class=\"wp-block-media-text is-stacked-on-mobile\"><figure class=\"wp-block-media-text__media\"><img loading=\"lazy\" decoding=\"async\" width=\"811\" height=\"611\" src=\"https:\/\/krv-wesermarsch.de\/wordpress\/wp-content\/uploads\/2024\/12\/DressurmannschaftA.jpg\" alt=\"\" class=\"wp-image-2607 size-full\" srcset=\"https:\/\/kpsv-wesermarsch.de\/wordpress\/wp-content\/uploads\/2024\/12\/DressurmannschaftA.jpg 811w, https:\/\/kpsv-wesermarsch.de\/wordpress\/wp-content\/uploads\/2024\/12\/DressurmannschaftA-300x226.jpg 300w, https:\/\/kpsv-wesermarsch.de\/wordpress\/wp-content\/uploads\/2024\/12\/DressurmannschaftA-768x579.jpg 768w\" sizes=\"auto, (max-width: 811px) 100vw, 811px\" \/><\/figure><div class=\"wp-block-media-text__content\">\n<p><br>\ud83e\udd47Butjadinger RV Stollhamm<br>\ud83e\udd48RV Sturmvogel Berne<br>\ud83e\udd49RV Ovelg\u00f6nne<\/p>\n\n\n\n<p><\/p>\n<\/div><\/div>\n\n\n\n<h3 class=\"wp-block-heading\">Springtour (A)<\/h3>\n\n\n\n<div class=\"wp-block-media-text is-stacked-on-mobile\"><figure class=\"wp-block-media-text__media\"><img loading=\"lazy\" decoding=\"async\" width=\"640\" height=\"482\" src=\"https:\/\/krv-wesermarsch.de\/wordpress\/wp-content\/uploads\/2024\/12\/Spingtour.jpg\" alt=\"\" class=\"wp-image-2601 size-full\" srcset=\"https:\/\/kpsv-wesermarsch.de\/wordpress\/wp-content\/uploads\/2024\/12\/Spingtour.jpg 640w, https:\/\/kpsv-wesermarsch.de\/wordpress\/wp-content\/uploads\/2024\/12\/Spingtour-300x226.jpg 300w\" sizes=\"auto, (max-width: 640px) 100vw, 640px\" \/><\/figure><div class=\"wp-block-media-text__content\">\n<p>\ud83e\udd47Julia Boutin &#8211; Lord Heinrich<br>\ud83e\udd48Jonna Marie Henschel &#8211; Tony<br>\ud83e\udd49Tomke von Waaden &#8211; Duke of De Fantastic<\/p>\n\n\n\n<p><\/p>\n<\/div><\/div>\n\n\n\n<h2 class=\"wp-block-heading\">Springmannschaft (E\/A)<\/h2>\n\n\n\n<div class=\"wp-block-media-text is-stacked-on-mobile\"><figure class=\"wp-block-media-text__media\"><img loading=\"lazy\" decoding=\"async\" width=\"640\" height=\"482\" src=\"https:\/\/krv-wesermarsch.de\/wordpress\/wp-content\/uploads\/2024\/12\/Mannschaftsspringen_2024.jpg\" alt=\"\" class=\"wp-image-2602 size-full\" srcset=\"https:\/\/kpsv-wesermarsch.de\/wordpress\/wp-content\/uploads\/2024\/12\/Mannschaftsspringen_2024.jpg 640w, https:\/\/kpsv-wesermarsch.de\/wordpress\/wp-content\/uploads\/2024\/12\/Mannschaftsspringen_2024-300x226.jpg 300w\" sizes=\"auto, (max-width: 640px) 100vw, 640px\" \/><\/figure><div class=\"wp-block-media-text__content\">\n<p>\ud83e\udd47Jader RC<br>\ud83e\udd48Stedinger RUFV Sturmvogel Berne<br>\ud83e\udd49RV Ovelg\u00f6nne<\/p>\n\n\n\n<p><\/p>\n<\/div><\/div>\n\n\n\n<h3 class=\"wp-block-heading\">Kombinierte Tour (E)<\/h3>\n\n\n\n<div class=\"wp-block-media-text is-stacked-on-mobile\"><figure class=\"wp-block-media-text__media\"><img loading=\"lazy\" decoding=\"async\" width=\"640\" height=\"538\" src=\"https:\/\/krv-wesermarsch.de\/wordpress\/wp-content\/uploads\/2024\/12\/KombTour_2024-2.jpg\" alt=\"\" class=\"wp-image-2611 size-full\" srcset=\"https:\/\/kpsv-wesermarsch.de\/wordpress\/wp-content\/uploads\/2024\/12\/KombTour_2024-2.jpg 640w, https:\/\/kpsv-wesermarsch.de\/wordpress\/wp-content\/uploads\/2024\/12\/KombTour_2024-2-300x252.jpg 300w\" sizes=\"auto, (max-width: 640px) 100vw, 640px\" \/><\/figure><div class=\"wp-block-media-text__content\">\n<p>\ud83e\udd47Lia Rodiek &#8211; Lysanto de Luxe<br>\ud83e\udd48Nienke Haase &#8211; Spencer<br>\ud83e\udd49Anna Loreen Menze &#8211; Cira Nobless<\/p>\n\n\n\n<p><\/p>\n<\/div><\/div>\n\n\n\n<h2 class=\"wp-block-heading\">Dressurmannschaft Kl. E<\/h2>\n\n\n\n<div class=\"wp-block-media-text is-stacked-on-mobile\"><figure class=\"wp-block-media-text__media\"><img loading=\"lazy\" decoding=\"async\" width=\"640\" height=\"640\" src=\"https:\/\/krv-wesermarsch.de\/wordpress\/wp-content\/uploads\/2024\/12\/DressurmannschaftE.jpg\" alt=\"\" class=\"wp-image-2604 size-full\" srcset=\"https:\/\/kpsv-wesermarsch.de\/wordpress\/wp-content\/uploads\/2024\/12\/DressurmannschaftE.jpg 640w, https:\/\/kpsv-wesermarsch.de\/wordpress\/wp-content\/uploads\/2024\/12\/DressurmannschaftE-300x300.jpg 300w, https:\/\/kpsv-wesermarsch.de\/wordpress\/wp-content\/uploads\/2024\/12\/DressurmannschaftE-150x150.jpg 150w\" sizes=\"auto, (max-width: 640px) 100vw, 640px\" \/><\/figure><div class=\"wp-block-media-text__content\">\n<p>\ud83e\udd47Jader RC\/RV Bettingb\u00fchren<br>\ud83e\udd48RV Ovelg\u00f6nne<br>\ud83e\udd49Jader RC<\/p>\n\n\n\n<p><\/p>\n<\/div><\/div>\n\n\n\n<h3 class=\"wp-block-heading\">Bedingungen<\/h3>\n\n\n\n<figure class=\"wp-block-image size-large\"><img loading=\"lazy\" decoding=\"async\" width=\"1024\" height=\"642\" src=\"https:\/\/krv-wesermarsch.de\/wordpress\/wp-content\/uploads\/2024\/01\/KM2024-Wertung-1024x642.png\" alt=\"\" class=\"wp-image-2400\" srcset=\"https:\/\/kpsv-wesermarsch.de\/wordpress\/wp-content\/uploads\/2024\/01\/KM2024-Wertung-1024x642.png 1024w, https:\/\/kpsv-wesermarsch.de\/wordpress\/wp-content\/uploads\/2024\/01\/KM2024-Wertung-300x188.png 300w, https:\/\/kpsv-wesermarsch.de\/wordpress\/wp-content\/uploads\/2024\/01\/KM2024-Wertung-768x482.png 768w, https:\/\/kpsv-wesermarsch.de\/wordpress\/wp-content\/uploads\/2024\/01\/KM2024-Wertung.png 1092w\" sizes=\"auto, (max-width: 1024px) 100vw, 1024px\" \/><\/figure>\n\n\n\n<ul class=\"wp-block-list\">\n<li>Es k\u00f6nnen zwei Pferde geritten werden. Im Finale wird nur das jeweils bessere Gesamtergebnis gewertet.&nbsp;<\/li>\n\n\n\n<li>Der Teilnehmer muss mindestens seit dem 01.01.2024 Stammmitglied in einem Reitverein des KRV Wesermarsch Mitglied sein. An der KM k\u00f6nnen ausschlie\u00dflich Reiter teilnehmen, die ihren Lebensunterhalt nicht mit dem Beritt und\/oder dem Verkauf von Pferden verdienen.<\/li>\n\n\n\n<li>Kombinierte Tour: Geritten werden muss f\u00fcr die Punktewertung jeweils Dressur und Springen pro Quali\/Finale mit demselben Pferd.&nbsp;<\/li>\n\n\n\n<li>Einzelreiter: Es m\u00fcssen JE EINE Quali UND das Finale geritten werden. Werden beide Qualis geritten, wird die h\u00f6here Punktzahl angerechnet.&nbsp;<\/li>\n\n\n\n<li>Mannschaftswertung:\n\n<ul class=\"wp-block-list\">\n<li>Die A-Mannschaften m\u00fcssen die Quali UND das Finale reiten.<\/li>\n\n\n\n<li>Der Start in zwei Mannschaften derselben Disziplin ist nicht gestattet. Ein Reiter kann sowohl in einer Dressur- als auch in einer Springmannschaft starten.<\/li>\n\n\n\n<li>Jedes Pferd darf nur in einer Mannschaft pro KM-Wertung starten.<\/li>\n\n\n\n<li>Springen: Drei bis vier Reiter bilden ein Team, zwei Reiter mit LK 6 reiten ein E-Springen, zwei Reiter mit LK 3-5 reiten den gleichen Parcours als A-Springen. Die Summe der Ergebnisse der drei besten Reiter ergibt das Gesamtergebnis.<\/li>\n<\/ul>\n<\/li>\n\n\n\n<li>Mini-KM: Geritten wird ein F\u00fchrz\u00fcgel-WB, bei zwei oder mehr Abteilungen entscheidet eine Siegerrunde \u00fcber die Rangierung. Die Siegerrunde besteht aus mindestens sechs Wesermarsch-Reitern, soweit m\u00f6glich gleichm\u00e4\u00dfig verteilt aus den einzelnen Abteilungen.&nbsp;<\/li>\n\n\n\n<li>Eine <strong>Anmeldung ist nicht erforderlich<\/strong>, es werden jeweils alle Reiter ber\u00fccksichtigt, die die entsprechenden Anforderungen erf\u00fcllen.<\/li>\n<\/ul>\n\n\n\n<p><strong>Punkteberechnung<\/strong><strong>&nbsp;<\/strong><\/p>\n\n\n\n<ul class=\"wp-block-list\">\n<li>Punktewertung: 1. Platz: 31 Punkte; 2. Platz: 29 Punkte; 3. Platz: 28 Punkte; 4. Platz: 27 Punkte; usw.<\/li>\n\n\n\n<li>1. und 2. Quali: 1-fache Punktevergabe\/ Finale 2-fache Punktevergabe<\/li>\n\n\n\n<li>Bei der Punktevergabe werden nur die Reiter des KRV Wesermarsch ber\u00fccksichtigt, die die Bedingungen erf\u00fcllen.<\/li>\n\n\n\n<li>Bei zwei Wesermarsch-Reitern\/Mannschaften auf dem gleichen Platz, erhalten beide Reiter die volle Punktzahl f\u00fcr den erreichten Platz. Die Punkte f\u00fcr den nicht vergebenen darauffolgenden Platz entfallen.&nbsp;<\/li>\n\n\n\n<li>Scheidet ein Reiter aus, erh\u00e4lt keine Wertnote oder verzichtet, wird die Pr\u00fcfung mit 0 Punkten gewertet.<\/li>\n\n\n\n<li>Bei Punktgleichheit zweier Reiter\/Mannschaften z\u00e4hlt das bessere Ergebnis des Finales.<\/li>\n\n\n\n<li>Kombinierte Tour:\n\n\n<ul class=\"wp-block-list\">\n<li>Die Punktevergabe erfolgt f\u00fcr beide Disziplinen getrennt, die Summe der Punkte beider Disziplinen ergibt die Punktzahl der Quali\/des Finales.<\/li>\n\n\n\n<li>Bei Punktgleichheit nach dem Finale z\u00e4hlt das bessere Ergebnis in der Dressur-WB aus der Finalpr\u00fcfung.<\/li>\n<\/ul>\n<\/li>\n\n\n\n<li>Eine Neuverteilung der Punkte findet auch bei Streichung eines Reiters nicht statt. Es r\u00fcckt automatisch der Nachfolgende in der Gesamttabelle auf.<\/li>\n<\/ul>\n\n\n\n<p><strong>Damit eine Vergabe der jeweiligen KM erfolgt, m\u00fcssen folgende Voraussetzungen erf\u00fcllt sein,&nbsp; andernfalls entf\u00e4llt die jeweilige KM-Wertung in diesem Jahr: Es m\u00fcssen insgesamt 4 Einzelreiter das Finale geritten sein. Es m\u00fcssen mind. 3 Mannschaften das Finale geritten haben.<\/strong><\/p>\n\n\n\n<p><strong>R\u00fcckfragen und Anmerkungen nur per E-Mail: km@krv-wesermarsch.de<\/strong><\/p>\n\n\n\n<h3 class=\"wp-block-heading\">Qualifikationspr\u00fcfungen<\/h3>\n\n\n\n<figure class=\"wp-block-image size-large\"><img loading=\"lazy\" decoding=\"async\" width=\"1024\" height=\"600\" src=\"https:\/\/krv-wesermarsch.de\/wordpress\/wp-content\/uploads\/2024\/01\/KM2024-Qualifikationspruefungen-1024x600.png\" alt=\"\" class=\"wp-image-2403\" srcset=\"https:\/\/kpsv-wesermarsch.de\/wordpress\/wp-content\/uploads\/2024\/01\/KM2024-Qualifikationspruefungen-1024x600.png 1024w, https:\/\/kpsv-wesermarsch.de\/wordpress\/wp-content\/uploads\/2024\/01\/KM2024-Qualifikationspruefungen-300x176.png 300w, https:\/\/kpsv-wesermarsch.de\/wordpress\/wp-content\/uploads\/2024\/01\/KM2024-Qualifikationspruefungen-768x450.png 768w, https:\/\/kpsv-wesermarsch.de\/wordpress\/wp-content\/uploads\/2024\/01\/KM2024-Qualifikationspruefungen-1200x703.png 1200w, https:\/\/kpsv-wesermarsch.de\/wordpress\/wp-content\/uploads\/2024\/01\/KM2024-Qualifikationspruefungen.png 1480w\" sizes=\"auto, (max-width: 1024px) 100vw, 1024px\" \/><\/figure>\n","protected":false},"excerpt":{"rendered":"<p>In diesem Jahr konnten folgende Reiter\/Mannschaften den Kreismeistertitel gewinnen: Gro\u00dfe Tour Dressur (L) \ud83e\udd47 Christin de Groot &#8211; Dancing Dynamit\ud83e\udd48 [&hellip;]<\/p>\n","protected":false},"author":3,"featured_media":0,"parent":0,"menu_order":0,"comment_status":"closed","ping_status":"closed","template":"","meta":{"_uag_custom_page_level_css":"","site-sidebar-layout":"default","site-content-layout":"","ast-site-content-layout":"default","site-content-style":"default","site-sidebar-style":"default","ast-global-header-display":"","ast-banner-title-visibility":"","ast-main-header-display":"","ast-hfb-above-header-display":"","ast-hfb-below-header-display":"","ast-hfb-mobile-header-display":"","site-post-title":"","ast-breadcrumbs-content":"","ast-featured-img":"","footer-sml-layout":"","theme-transparent-header-meta":"","adv-header-id-meta":"","stick-header-meta":"","header-above-stick-meta":"","header-main-stick-meta":"","header-below-stick-meta":"","astra-migrate-meta-layouts":"default","ast-page-background-enabled":"default","ast-page-background-meta":{"desktop":{"background-color":"var(--ast-global-color-5)","background-image":"","background-repeat":"repeat","background-position":"center center","background-size":"auto","background-attachment":"scroll","background-type":"","background-media":"","overlay-type":"","overlay-color":"","overlay-opacity":"","overlay-gradient":""},"tablet":{"background-color":"","background-image":"","background-repeat":"repeat","background-position":"center center","background-size":"auto","background-attachment":"scroll","background-type":"","background-media":"","overlay-type":"","overlay-color":"","overlay-opacity":"","overlay-gradient":""},"mobile":{"background-color":"","background-image":"","background-repeat":"repeat","background-position":"center center","background-size":"auto","background-attachment":"scroll","background-type":"","background-media":"","overlay-type":"","overlay-color":"","overlay-opacity":"","overlay-gradient":""}},"ast-content-background-meta":{"desktop":{"background-color":"var(--ast-global-color-4)","background-image":"","background-repeat":"repeat","background-position":"center center","background-size":"auto","background-attachment":"scroll","background-type":"","background-media":"","overlay-type":"","overlay-color":"","overlay-opacity":"","overlay-gradient":""},"tablet":{"background-color":"var(--ast-global-color-4)","background-image":"","background-repeat":"repeat","background-position":"center center","background-size":"auto","background-attachment":"scroll","background-type":"","background-media":"","overlay-type":"","overlay-color":"","overlay-opacity":"","overlay-gradient":""},"mobile":{"background-color":"var(--ast-global-color-4)","background-image":"","background-repeat":"repeat","background-position":"center center","background-size":"auto","background-attachment":"scroll","background-type":"","background-media":"","overlay-type":"","overlay-color":"","overlay-opacity":"","overlay-gradient":""}},"footnotes":""},"class_list":["post-2392","page","type-page","status-publish","hentry"],"uagb_featured_image_src":{"full":false,"thumbnail":false,"medium":false,"medium_large":false,"large":false,"1536x1536":false,"2048x2048":false},"uagb_author_info":{"display_name":"Lyn Goltz","author_link":"https:\/\/krv-wesermarsch.de\/wordpress\/author\/lyngoltz\/"},"uagb_comment_info":0,"uagb_excerpt":"In diesem Jahr konnten folgende Reiter\/Mannschaften den Kreismeistertitel gewinnen: Gro\u00dfe Tour Dressur (L) \ud83e\udd47 Christin de Groot &#8211; Dancing Dynamit\ud83e\udd48 [&hellip;]","_links":{"self":[{"href":"https:\/\/krv-wesermarsch.de\/wordpress\/wp-json\/wp\/v2\/pages\/2392","targetHints":{"allow":["GET"]}}],"collection":[{"href":"https:\/\/krv-wesermarsch.de\/wordpress\/wp-json\/wp\/v2\/pages"}],"about":[{"href":"https:\/\/krv-wesermarsch.de\/wordpress\/wp-json\/wp\/v2\/types\/page"}],"author":[{"embeddable":true,"href":"https:\/\/krv-wesermarsch.de\/wordpress\/wp-json\/wp\/v2\/users\/3"}],"replies":[{"embeddable":true,"href":"https:\/\/krv-wesermarsch.de\/wordpress\/wp-json\/wp\/v2\/comments?post=2392"}],"version-history":[{"count":12,"href":"https:\/\/krv-wesermarsch.de\/wordpress\/wp-json\/wp\/v2\/pages\/2392\/revisions"}],"predecessor-version":[{"id":2612,"href":"https:\/\/krv-wesermarsch.de\/wordpress\/wp-json\/wp\/v2\/pages\/2392\/revisions\/2612"}],"wp:attachment":[{"href":"https:\/\/krv-wesermarsch.de\/wordpress\/wp-json\/wp\/v2\/media?parent=2392"}],"curies":[{"name":"wp","href":"https:\/\/api.w.org\/{rel}","templated":true}]}}