{"id":2366,"date":"2023-11-10T13:23:40","date_gmt":"2023-11-10T12:23:40","guid":{"rendered":"https:\/\/krv-wesermarsch.de\/wordpress\/?page_id=2366"},"modified":"2023-11-10T13:25:17","modified_gmt":"2023-11-10T12:25:17","slug":"verleihung-2023","status":"publish","type":"page","link":"https:\/\/krv-wesermarsch.de\/wordpress\/verleihung-2023\/","title":{"rendered":"Verleihung Werner Tr\u00fcper Ged\u00e4chnispokal 2023"},"content":{"rendered":"\n<p>Im Jahr 2023 wurde der vom Reiterverband Oldenburg gestiftete und mit 100 \u20ac dotierte Werner Tr\u00fcper Ged\u00e4chnispokal an die A-K\u00fcr-Mannschaft des Reitverein Ovelg\u00f6nne verliehen. Wir gratulieren ganz herzlich dem Reitverein Ovelg\u00f6nne, insbesonder den Reitern Giannina Mammone, Eske Poelman, Cyra Bruns, Aukje Poelman, Lorina Spekker und der Mannschaftsf\u00fchrerin Katrin M\u00fcller zu den tollen Erfolgen im Jahr 2023:<\/p>\n\n\n\n<ul class=\"wp-block-list\">\n<li>1. Platz in Jaderberg und Qualifikation f\u00fcr Rastede<\/li>\n\n\n\n<li>3. Platz in Rastede und Qualifikation f\u00fcr dsa Finale<\/li>\n\n\n\n<li>3. Platz im Finale in Rastede<\/li>\n\n\n\n<li>7. Platz beim Agravis-Cup Oldenburg<\/li>\n<\/ul>\n\n\n\n<figure class=\"wp-block-gallery has-nested-images columns-default is-cropped wp-block-gallery-1 is-layout-flex wp-block-gallery-is-layout-flex\">\n<figure class=\"wp-block-image size-large\"><img loading=\"lazy\" decoding=\"async\" width=\"601\" height=\"540\" data-id=\"2368\" src=\"https:\/\/krv-wesermarsch.de\/wordpress\/wp-content\/uploads\/2023\/11\/Verleihung-A-Mannschaft-1.jpg\" alt=\"\" class=\"wp-image-2368\" srcset=\"https:\/\/krv-wesermarsch.de\/wordpress\/wp-content\/uploads\/2023\/11\/Verleihung-A-Mannschaft-1.jpg 601w, https:\/\/krv-wesermarsch.de\/wordpress\/wp-content\/uploads\/2023\/11\/Verleihung-A-Mannschaft-1-300x270.jpg 300w\" sizes=\"auto, (max-width: 601px) 100vw, 601px\" \/><\/figure>\n\n\n\n<figure class=\"wp-block-image size-large\"><img loading=\"lazy\" decoding=\"async\" width=\"811\" height=\"540\" data-id=\"2369\" src=\"https:\/\/krv-wesermarsch.de\/wordpress\/wp-content\/uploads\/2023\/11\/A-Mannschaft.jpg\" alt=\"\" class=\"wp-image-2369\" srcset=\"https:\/\/krv-wesermarsch.de\/wordpress\/wp-content\/uploads\/2023\/11\/A-Mannschaft.jpg 811w, https:\/\/krv-wesermarsch.de\/wordpress\/wp-content\/uploads\/2023\/11\/A-Mannschaft-300x200.jpg 300w, https:\/\/krv-wesermarsch.de\/wordpress\/wp-content\/uploads\/2023\/11\/A-Mannschaft-768x511.jpg 768w\" sizes=\"auto, (max-width: 811px) 100vw, 811px\" \/><\/figure>\n<\/figure>\n","protected":false},"excerpt":{"rendered":"<p>Im Jahr 2023 wurde der vom Reiterverband Oldenburg gestiftete und mit 100 \u20ac dotierte Werner Tr\u00fcper Ged\u00e4chnispokal an die A-K\u00fcr-Mannschaft [&hellip;]<\/p>\n","protected":false},"author":3,"featured_media":0,"parent":0,"menu_order":0,"comment_status":"closed","ping_status":"closed","template":"","meta":{"_uag_custom_page_level_css":"","site-sidebar-layout":"default","site-content-layout":"","ast-site-content-layout":"default","site-content-style":"default","site-sidebar-style":"default","ast-global-header-display":"","ast-banner-title-visibility":"","ast-main-header-display":"","ast-hfb-above-header-display":"","ast-hfb-below-header-display":"","ast-hfb-mobile-header-display":"","site-post-title":"","ast-breadcrumbs-content":"","ast-featured-img":"","footer-sml-layout":"","theme-transparent-header-meta":"","adv-header-id-meta":"","stick-header-meta":"","header-above-stick-meta":"","header-main-stick-meta":"","header-below-stick-meta":"","astra-migrate-meta-layouts":"default","ast-page-background-enabled":"default","ast-page-background-meta":{"desktop":{"background-color":"var(--ast-global-color-5)","background-image":"","background-repeat":"repeat","background-position":"center center","background-size":"auto","background-attachment":"scroll","background-type":"","background-media":"","overlay-type":"","overlay-color":"","overlay-opacity":"","overlay-gradient":""},"tablet":{"background-color":"","background-image":"","background-repeat":"repeat","background-position":"center center","background-size":"auto","background-attachment":"scroll","background-type":"","background-media":"","overlay-type":"","overlay-color":"","overlay-opacity":"","overlay-gradient":""},"mobile":{"background-color":"","background-image":"","background-repeat":"repeat","background-position":"center center","background-size":"auto","background-attachment":"scroll","background-type":"","background-media":"","overlay-type":"","overlay-color":"","overlay-opacity":"","overlay-gradient":""}},"ast-content-background-meta":{"desktop":{"background-color":"var(--ast-global-color-4)","background-image":"","background-repeat":"repeat","background-position":"center center","background-size":"auto","background-attachment":"scroll","background-type":"","background-media":"","overlay-type":"","overlay-color":"","overlay-opacity":"","overlay-gradient":""},"tablet":{"background-color":"var(--ast-global-color-4)","background-image":"","background-repeat":"repeat","background-position":"center center","background-size":"auto","background-attachment":"scroll","background-type":"","background-media":"","overlay-type":"","overlay-color":"","overlay-opacity":"","overlay-gradient":""},"mobile":{"background-color":"var(--ast-global-color-4)","background-image":"","background-repeat":"repeat","background-position":"center center","background-size":"auto","background-attachment":"scroll","background-type":"","background-media":"","overlay-type":"","overlay-color":"","overlay-opacity":"","overlay-gradient":""}},"footnotes":""},"class_list":["post-2366","page","type-page","status-publish","hentry"],"uagb_featured_image_src":{"full":false,"thumbnail":false,"medium":false,"medium_large":false,"large":false,"1536x1536":false,"2048x2048":false},"uagb_author_info":{"display_name":"Lyn Goltz","author_link":"https:\/\/krv-wesermarsch.de\/wordpress\/author\/lyngoltz\/"},"uagb_comment_info":0,"uagb_excerpt":"Im Jahr 2023 wurde der vom Reiterverband Oldenburg gestiftete und mit 100 \u20ac dotierte Werner Tr\u00fcper Ged\u00e4chnispokal an die A-K\u00fcr-Mannschaft [&hellip;]","_links":{"self":[{"href":"https:\/\/krv-wesermarsch.de\/wordpress\/wp-json\/wp\/v2\/pages\/2366","targetHints":{"allow":["GET"]}}],"collection":[{"href":"https:\/\/krv-wesermarsch.de\/wordpress\/wp-json\/wp\/v2\/pages"}],"about":[{"href":"https:\/\/krv-wesermarsch.de\/wordpress\/wp-json\/wp\/v2\/types\/page"}],"author":[{"embeddable":true,"href":"https:\/\/krv-wesermarsch.de\/wordpress\/wp-json\/wp\/v2\/users\/3"}],"replies":[{"embeddable":true,"href":"https:\/\/krv-wesermarsch.de\/wordpress\/wp-json\/wp\/v2\/comments?post=2366"}],"version-history":[{"count":4,"href":"https:\/\/krv-wesermarsch.de\/wordpress\/wp-json\/wp\/v2\/pages\/2366\/revisions"}],"predecessor-version":[{"id":2374,"href":"https:\/\/krv-wesermarsch.de\/wordpress\/wp-json\/wp\/v2\/pages\/2366\/revisions\/2374"}],"wp:attachment":[{"href":"https:\/\/krv-wesermarsch.de\/wordpress\/wp-json\/wp\/v2\/media?parent=2366"}],"curies":[{"name":"wp","href":"https:\/\/api.w.org\/{rel}","templated":true}]}}